{"id":679,"date":"2021-08-04T15:31:33","date_gmt":"2021-08-04T13:31:33","guid":{"rendered":"https:\/\/www.sya.ch\/?page_id=679"},"modified":"2025-05-27T07:49:22","modified_gmt":"2025-05-27T05:49:22","slug":"start","status":"publish","type":"page","link":"https:\/\/www.sya.ch\/fr_FR\/start\/","title":{"rendered":"E-Learning"},"content":{"rendered":"\n<p><img loading=\"lazy\" decoding=\"async\" class=\"alignnone wp-image-806 size-full\" src=\"https:\/\/www.sya.ch\/wp-content\/uploads\/2021\/08\/DES_E-learning-titelbild-mittig-schmal_AB_V1_1.png\" alt=\"\" width=\"1080\" height=\"372\" srcset=\"https:\/\/www.sya.ch\/wp-content\/uploads\/2021\/08\/DES_E-learning-titelbild-mittig-schmal_AB_V1_1.png 1080w, https:\/\/www.sya.ch\/wp-content\/uploads\/2021\/08\/DES_E-learning-titelbild-mittig-schmal_AB_V1_1-300x103.png 300w, https:\/\/www.sya.ch\/wp-content\/uploads\/2021\/08\/DES_E-learning-titelbild-mittig-schmal_AB_V1_1-1024x353.png 1024w, https:\/\/www.sya.ch\/wp-content\/uploads\/2021\/08\/DES_E-learning-titelbild-mittig-schmal_AB_V1_1-768x265.png 768w\" sizes=\"(max-width: 1080px) 100vw, 1080px\" \/><\/p>\n\n\n\n<h1>D\u00e9marre maintenant l&#8217;e-learning SYA<\/h1>\n<p>Tu as une carte de licence et tu souhaites utiliser l&#8217;e-learning pour la premi\u00e8re fois (le code d&#8217;acc\u00e8s ne doit \u00eatre saisi qu&#8217;une seule fois lors du premier d\u00e9marrage, ensuite l&#8217;e-mail et ton mot de passe seront ton acc\u00e8s au e-learning)<\/p>\n<p><strong><a class=\"myButton\" title=\"\u2794 Enregistrement pour nouvel(le) utilisateur(trice)\" href=\"https:\/\/www.boatdriver.ch\/f\/e-learning\/app\/index\/app\/18\/sac\/1\/?r=eyJhcHAiOiIxNSIsInBhcnRuZXIiOiI0NjIzNyIsInBhcnRuZXJsb2NhdGlvbiI6IjEzOSJ9&amp;init=1\" target=\"_blank\" rel=\"noopener\">\u2794 Enregistrement pour nouvel(le) utilisateur(trice)<\/a><\/strong><\/p>\n<p>Tu t&#8217;es d\u00e9j\u00e0 enregistr\u00e9 et as activ\u00e9 ton acc\u00e8s ? Alors tu peux te connecter ici avec ton e-mail et ton mot de passe et poursuivre ensuite ton apprentissage.&nbsp;<\/p>\n<p><strong><a class=\"myButton\" title=\"\u2794 Login pour utilisateur\/trice enregistr\u00e9(e)\" href=\"https:\/\/www.boatdriver.ch\/f\/e-learning\/app\/index?r=eyJhcHAiOiIxNSIsInBhcnRuZXIiOiI0NjIzNyIsInBhcnRuZXJsb2NhdGlvbiI6IjEzOSJ9&amp;init=1\" target=\"_blank\" rel=\"noopener\">\u2794 Login pour utilisateur\/trice enregistr\u00e9(e)<\/a><\/strong><\/p>\n<p>&nbsp;<\/p>\n<p><strong><a class=\"myButton\" title=\"\u2794 J'ai un acc\u00e8s de d\u00e9monstration et je souhaite saisir le code d'acc\u00e8s.\" href=\"https:\/\/www.boatdriver.ch\/f\/e-learning\/app\/index\/app\/18\/sac\/1\/?r=eyJhcHAiOiIxNSIsInBhcnRuZXIiOiI0NjIzNyIsInBhcnRuZXJsb2NhdGlvbiI6IjEzOSJ9&amp;init=1\" target=\"_blank\" rel=\"noopener\">\u2794 J&#8217;ai un acc\u00e8s de d\u00e9monstration et je souhaite saisir le code d&#8217;acc\u00e8s.<\/a><\/strong><\/p>\n<p>&nbsp;<\/p>\n<h2>FAQ<\/h2>\n<p><strong>Comment puis-je obtenir l&#8217;acc\u00e8s au SYA e-learning ?<\/strong><br \/>Il y a deux possibilit\u00e9s : <br \/>1. tu as une carte de licence, tu y trouves un code d&#8217;acc\u00e8s et tu peux d\u00e9marrer <strong><a title=\"ici le e-learning pour l'enregistrement.\" href=\"https:\/\/www.boatdriver.ch\/f\/e-learning\/app\/index?r=eyJhcHAiOiIxNSIsInBhcnRuZXIiOiI0NjIzNyIsInBhcnRuZXJsb2NhdGlvbiI6IjEzOSJ9&amp;init=1\" target=\"_blank\" rel=\"noopener\">ici l&#8217;e-learning pour l&#8217;enregistrement.<\/a><\/strong> <br \/>2. tu commences <strong><a href=\"https:\/\/www.boatdriver.ch\/f\/e-learning\/app\/index?r=eyJhcHAiOiIxNSIsInBhcnRuZXIiOiI0NjIzNyIsInBhcnRuZXJsb2NhdGlvbiI6IjEzOSJ9&amp;init=1\" target=\"_blank\" rel=\"noopener\">ici l&#8217;e-learning et tu ach\u00e8tes un acc\u00e8s en ligne<\/a><\/strong>.<\/p>\n<p><strong>Y a-t-il une d\u00e9mo ?<\/strong><br \/>Bien s\u00fbr, tu peux d\u00e9marrer <strong><a href=\"https:\/\/www.boatdriver.ch\/f\/e-learning\/app\/index?r=eyJhcHAiOiIxNSIsInBhcnRuZXIiOiI0NjIzNyIsInBhcnRuZXJsb2NhdGlvbiI6IjEzOSJ9&amp;init=1\" target=\"_blank\" rel=\"noopener\">ici l&#8217;e-learning<\/a><\/strong> et le tester gratuitement pendant 7 jours dans une version limit\u00e9e (max. 50 questions \u00e0 \u00e9valuer et 2 examens \u00e0 passer).<\/p>\n<p><strong>Sur quels appareils et navigateurs puis-je utiliser l&#8217;e-learning ?<\/strong><br \/>En principe, l&#8217;e-learning peut \u00eatre utilis\u00e9 sur tous les appareils connect\u00e9s \u00e0 Internet. Tu peux par exemple apprendre en d\u00e9placement sur ton smartphone, sur ton canap\u00e9 avec ta tablette et au bureau pendant la pause sur ton ordinateur. Nous recommandons les navigateurs Google Chrome ou Safari, assure-toi d&#8217;avoir install\u00e9 la derni\u00e8re version.<\/p>\n<p>&nbsp;<\/p>\n<h2>Assistance<\/h2>\n<p><strong>Tu as besoin d&#8217;aide pour l&#8217;e-learning ? <\/strong>&nbsp;<br \/>Contacte BoatDriver via <strong><a href=\"https:\/\/www.boatdriver.ch\/f\/support\/demande-de-support\">le formulaire de support<\/a><\/strong>.<\/p>\n","protected":false},"excerpt":{"rendered":"<p><!-- wp:tadv\/classic-paragraph --><\/p>\n<p><img loading=\"lazy\" decoding=\"async\" class=\"alignnone wp-image-806 size-full\" src=\"https:\/\/www.sya.ch\/wp-content\/uploads\/2021\/08\/DES_E-learning-titelbild-mittig-schmal_AB_V1_1.png\" alt=\"\" width=\"1080\" height=\"372\" srcset=\"https:\/\/www.sya.ch\/wp-content\/uploads\/2021\/08\/DES_E-learning-titelbild-mittig-schmal_AB_V1_1.png 1080w, https:\/\/www.sya.ch\/wp-content\/uploads\/2021\/08\/DES_E-learning-titelbild-mittig-schmal_AB_V1_1-300x103.png 300w, https:\/\/www.sya.ch\/wp-content\/uploads\/2021\/08\/DES_E-learning-titelbild-mittig-schmal_AB_V1_1-1024x353.png 1024w, https:\/\/www.sya.ch\/wp-content\/uploads\/2021\/08\/DES_E-learning-titelbild-mittig-schmal_AB_V1_1-768x265.png 768w\" sizes=\"(max-width: 1080px) 100vw, 1080px\" \/><\/p>\n<p><!-- \/wp:tadv\/classic-par...\n<\/p>\n","protected":false},"author":1,"featured_media":806,"parent":0,"menu_order":0,"comment_status":"closed","ping_status":"closed","template":"","meta":{"footnotes":""},"class_list":["post-679","page","type-page","status-publish","has-post-thumbnail","hentry"],"yoast_head":"<!-- This site is optimized with the Yoast SEO plugin v23.4 - https:\/\/yoast.com\/wordpress\/plugins\/seo\/ -->\n<title>E-Learning - Swiss Yachting Association<\/title>\n<meta name=\"robots\" content=\"index, follow, max-snippet:-1, max-image-preview:large, max-video-preview:-1\" \/>\n<link rel=\"canonical\" href=\"https:\/\/www.sya.ch\/start\/\" \/>\n<meta property=\"og:locale\" content=\"de_DE\" \/>\n<meta property=\"og:type\" content=\"article\" \/>\n<meta property=\"og:title\" content=\"E-Learning - Swiss Yachting Association\" \/>\n<meta property=\"og:url\" content=\"https:\/\/www.sya.ch\/start\/\" \/>\n<meta property=\"og:site_name\" content=\"Swiss Yachting Association\" \/>\n<meta property=\"article:modified_time\" content=\"2025-05-27T05:49:22+00:00\" \/>\n<meta property=\"og:image\" content=\"https:\/\/www.sya.ch\/wp-content\/uploads\/2021\/08\/DES_E-learning-titelbild-mittig-schmal_AB_V1_1.png\" \/>\n\t<meta property=\"og:image:width\" content=\"1080\" \/>\n\t<meta property=\"og:image:height\" content=\"372\" \/>\n\t<meta property=\"og:image:type\" content=\"image\/png\" \/>\n<meta name=\"twitter:label1\" content=\"Gesch\u00e4tzte Lesezeit\" \/>\n\t<meta name=\"twitter:data1\" content=\"2 Minuten\" \/>\n<script type=\"application\/ld+json\" class=\"yoast-schema-graph\">{\"@context\":\"https:\/\/schema.org\",\"@graph\":[{\"@type\":\"WebPage\",\"@id\":\"https:\/\/www.sya.ch\/start\/\",\"url\":\"https:\/\/www.sya.ch\/start\/\",\"name\":\"E-Learning - Swiss Yachting Association\",\"isPartOf\":{\"@id\":\"https:\/\/www.sya.ch\/de_DE\/#website\"},\"primaryImageOfPage\":{\"@id\":\"https:\/\/www.sya.ch\/start\/#primaryimage\"},\"image\":{\"@id\":\"https:\/\/www.sya.ch\/start\/#primaryimage\"},\"thumbnailUrl\":\"https:\/\/www.sya.ch\/wp-content\/uploads\/2021\/08\/DES_E-learning-titelbild-mittig-schmal_AB_V1_1.png\",\"datePublished\":\"2021-08-04T13:31:33+00:00\",\"dateModified\":\"2025-05-27T05:49:22+00:00\",\"breadcrumb\":{\"@id\":\"https:\/\/www.sya.ch\/start\/#breadcrumb\"},\"inLanguage\":\"de-DE\",\"potentialAction\":[{\"@type\":\"ReadAction\",\"target\":[\"https:\/\/www.sya.ch\/start\/\"]}]},{\"@type\":\"ImageObject\",\"inLanguage\":\"de-DE\",\"@id\":\"https:\/\/www.sya.ch\/start\/#primaryimage\",\"url\":\"https:\/\/www.sya.ch\/wp-content\/uploads\/2021\/08\/DES_E-learning-titelbild-mittig-schmal_AB_V1_1.png\",\"contentUrl\":\"https:\/\/www.sya.ch\/wp-content\/uploads\/2021\/08\/DES_E-learning-titelbild-mittig-schmal_AB_V1_1.png\",\"width\":1080,\"height\":372},{\"@type\":\"BreadcrumbList\",\"@id\":\"https:\/\/www.sya.ch\/start\/#breadcrumb\",\"itemListElement\":[{\"@type\":\"ListItem\",\"position\":1,\"name\":\"Home\",\"item\":\"https:\/\/www.sya.ch\/\"},{\"@type\":\"ListItem\",\"position\":2,\"name\":\"E-Learning\"}]},{\"@type\":\"WebSite\",\"@id\":\"https:\/\/www.sya.ch\/de_DE\/#website\",\"url\":\"https:\/\/www.sya.ch\/de_DE\/\",\"name\":\"Swiss Yachting Association\",\"description\":\"Offizielle Hochseepr\u00fcfungsstelle\",\"potentialAction\":[{\"@type\":\"SearchAction\",\"target\":{\"@type\":\"EntryPoint\",\"urlTemplate\":\"https:\/\/www.sya.ch\/de_DE\/?s={search_term_string}\"},\"query-input\":{\"@type\":\"PropertyValueSpecification\",\"valueRequired\":true,\"valueName\":\"search_term_string\"}}],\"inLanguage\":\"de-DE\"}]}<\/script>\n<!-- \/ Yoast SEO plugin. -->","yoast_head_json":{"title":"E-Learning - Swiss Yachting Association","robots":{"index":"index","follow":"follow","max-snippet":"max-snippet:-1","max-image-preview":"max-image-preview:large","max-video-preview":"max-video-preview:-1"},"canonical":"https:\/\/www.sya.ch\/start\/","og_locale":"de_DE","og_type":"article","og_title":"E-Learning - Swiss Yachting Association","og_url":"https:\/\/www.sya.ch\/start\/","og_site_name":"Swiss Yachting Association","article_modified_time":"2025-05-27T05:49:22+00:00","og_image":[{"width":1080,"height":372,"url":"https:\/\/www.sya.ch\/wp-content\/uploads\/2021\/08\/DES_E-learning-titelbild-mittig-schmal_AB_V1_1.png","type":"image\/png"}],"twitter_misc":{"Gesch\u00e4tzte Lesezeit":"2 Minuten"},"schema":{"@context":"https:\/\/schema.org","@graph":[{"@type":"WebPage","@id":"https:\/\/www.sya.ch\/start\/","url":"https:\/\/www.sya.ch\/start\/","name":"E-Learning - Swiss Yachting Association","isPartOf":{"@id":"https:\/\/www.sya.ch\/de_DE\/#website"},"primaryImageOfPage":{"@id":"https:\/\/www.sya.ch\/start\/#primaryimage"},"image":{"@id":"https:\/\/www.sya.ch\/start\/#primaryimage"},"thumbnailUrl":"https:\/\/www.sya.ch\/wp-content\/uploads\/2021\/08\/DES_E-learning-titelbild-mittig-schmal_AB_V1_1.png","datePublished":"2021-08-04T13:31:33+00:00","dateModified":"2025-05-27T05:49:22+00:00","breadcrumb":{"@id":"https:\/\/www.sya.ch\/start\/#breadcrumb"},"inLanguage":"de-DE","potentialAction":[{"@type":"ReadAction","target":["https:\/\/www.sya.ch\/start\/"]}]},{"@type":"ImageObject","inLanguage":"de-DE","@id":"https:\/\/www.sya.ch\/start\/#primaryimage","url":"https:\/\/www.sya.ch\/wp-content\/uploads\/2021\/08\/DES_E-learning-titelbild-mittig-schmal_AB_V1_1.png","contentUrl":"https:\/\/www.sya.ch\/wp-content\/uploads\/2021\/08\/DES_E-learning-titelbild-mittig-schmal_AB_V1_1.png","width":1080,"height":372},{"@type":"BreadcrumbList","@id":"https:\/\/www.sya.ch\/start\/#breadcrumb","itemListElement":[{"@type":"ListItem","position":1,"name":"Home","item":"https:\/\/www.sya.ch\/"},{"@type":"ListItem","position":2,"name":"E-Learning"}]},{"@type":"WebSite","@id":"https:\/\/www.sya.ch\/de_DE\/#website","url":"https:\/\/www.sya.ch\/de_DE\/","name":"Swiss Yachting Association","description":"Offizielle Hochseepr\u00fcfungsstelle","potentialAction":[{"@type":"SearchAction","target":{"@type":"EntryPoint","urlTemplate":"https:\/\/www.sya.ch\/de_DE\/?s={search_term_string}"},"query-input":{"@type":"PropertyValueSpecification","valueRequired":true,"valueName":"search_term_string"}}],"inLanguage":"de-DE"}]}},"_links":{"self":[{"href":"https:\/\/www.sya.ch\/fr_FR\/wp-json\/wp\/v2\/pages\/679"}],"collection":[{"href":"https:\/\/www.sya.ch\/fr_FR\/wp-json\/wp\/v2\/pages"}],"about":[{"href":"https:\/\/www.sya.ch\/fr_FR\/wp-json\/wp\/v2\/types\/page"}],"author":[{"embeddable":true,"href":"https:\/\/www.sya.ch\/fr_FR\/wp-json\/wp\/v2\/users\/1"}],"replies":[{"embeddable":true,"href":"https:\/\/www.sya.ch\/fr_FR\/wp-json\/wp\/v2\/comments?post=679"}],"version-history":[{"count":64,"href":"https:\/\/www.sya.ch\/fr_FR\/wp-json\/wp\/v2\/pages\/679\/revisions"}],"predecessor-version":[{"id":1098,"href":"https:\/\/www.sya.ch\/fr_FR\/wp-json\/wp\/v2\/pages\/679\/revisions\/1098"}],"wp:featuredmedia":[{"embeddable":true,"href":"https:\/\/www.sya.ch\/fr_FR\/wp-json\/wp\/v2\/media\/806"}],"wp:attachment":[{"href":"https:\/\/www.sya.ch\/fr_FR\/wp-json\/wp\/v2\/media?parent=679"}],"curies":[{"name":"wp","href":"https:\/\/api.w.org\/{rel}","templated":true}]}}