{"id":517,"date":"2020-04-01T12:10:02","date_gmt":"2020-04-01T10:10:02","guid":{"rendered":"https:\/\/www.sya.ch\/?page_id=517"},"modified":"2020-04-07T16:44:28","modified_gmt":"2020-04-07T14:44:28","slug":"anerkannte-seemeilen","status":"publish","type":"page","link":"https:\/\/www.sya.ch\/fr_FR\/anerkannte-seemeilen\/","title":{"rendered":"Milles nautiques reconnus"},"content":{"rendered":"<p>Pour obtenir le permis mer pour les bateaux \u00e0 moteur ou \u00e0 voile, tu dois \u00eatre au b\u00e9n\u00e9fice d\u2019une certaine exp\u00e9rience pratique en milieu marin. Il est parfois difficile d\u2019\u00eatre au clair pour ce qui concerne les eaux qui peuvent \u00eatre consid\u00e9r\u00e9es comme entrant en ligne de compte pour la validation des acquis en mati\u00e8re de navigation maritime. Selon \u00abL\u2019attestation de milles: interpr\u00e9tation de l&#8217;art. 6, al. 1, let. a, de l&#8217;ordonnance sur le certificat de conduite en mer (OSNM)\u00bb, au moins un des crit\u00e8res suivants doit \u00eatre rempli pour que les eaux soient consid\u00e9r\u00e9es comme \u00aben dehors des eaux int\u00e9rieures\u00bb.<\/p>\n<ol>\n<li>\n<p><strong>Les eaux qu&#8217;un \u00c9tat lui-m\u00eame d\u00e9finit comme une haute mer<\/strong><br \/>Si un \u00c9tat d\u00e9finit l&#8217;une de ses propres eaux comme une \u00abhaute mer\u00bb, cela s&#8217;applique automatiquement \u00e0 la reconnaissance des milles en tant qu&#8217;eau de haute mer pour nous. En Allemagne, il y a par exemple l\u2019ordonnance \u00abSeeschifffahrtsstrassen-Ordnung (SeeSchStrO)\u00bb, dans le cadre de laquelle le r\u00e8glement international pour pr\u00e9venir les abordages en mer s&#8217;applique. Pour cette raison, toutes les eaux allemandes soumises \u00e0 cette ordonnance (SeeSchStrO) sont consid\u00e9r\u00e9es comme \u00e9ligibles pour l\u2019approbation des milles. Cela inclut, par exemple, le canal de Kiel mentionn\u00e9 plus haut.<\/p>\n<\/li>\n<li>\n<p><strong>Les eaux \u00e0 mar\u00e9es<\/strong><br \/>Toutes les eaux \u00e0 mar\u00e9e doivent \u00eatre consid\u00e9r\u00e9es comme des eaux \u00abhors des eaux int\u00e9rieures\u00bb, m\u00eame si elles sont bord\u00e9es par une digue. Cela inclut, par exemple le barrage anti-temp\u00eate de l\u2019Escaut oriental (Osterschelde), dans le sud de la Hollande, auquel on ne peut acc\u00e9der que de la mer du Nord par une \u00e9cluse (Rompot), mais qui atteint n\u00e9anmoins une amplitude de mar\u00e9e jusqu\u2019\u00e0 2 m. (retard\u00e9e par rapport \u00e0 la mer du Nord).<\/p>\n<\/li>\n<li>\n<p><strong>Eaux avec les m\u00eames exigences, ou similaires \u00e0 celles de la haute mer<\/strong><br \/>Toutes les eaux pour lesquelles les conditions de navigation par vents forts, mer forte, balisage, etc., dont les exigences g\u00e9n\u00e9rales sont similaires \u00e0 celles de la haute mer sont \u00e9galement consid\u00e9r\u00e9es comme \u00e9ligibles pour l\u2019approbation des milles. Elles incluent par exemple, l&#8217;Ijsselmeer d\u00e9j\u00e0 mentionn\u00e9e et la Markermeer en Hollande.<\/p>\n<\/li>\n<li>\n<p><strong>Eaux \u00e0 fort trafic de navires de haute mer<\/strong><br \/>Enfin, les eaux tr\u00e8s fr\u00e9quent\u00e9es par les navires de haute mer (au sens de l\u2019article 30 de la loi maritime) et qui n\u00e9cessitent pour les skippers des exigences plus strictes en termes de navigation, r\u00e9glementation portuaire, radio, etc. Ces eaux sont \u00e9ligibles pour l\u2019approbation des milles. Elles incluent, par exemple, l\u2019entr\u00e9e de 18 milles au port de Rotterdam, le Nord, le Dorter Kill et la rivi\u00e8re Hollandsch Diep (un estuaire du Rhin et de la Meuse).<\/p>\n<\/li>\n<\/ol>\n","protected":false},"excerpt":{"rendered":"<p>Pour obtenir le permis mer pour les bateaux \u00e0 moteur ou \u00e0 voile, tu dois \u00eatre au b\u00e9n\u00e9fice d\u2019une certaine exp\u00e9rience pratique en milieu marin. Il est parfois difficile d\u2019\u00eatre au clair pour ce qui concerne les eaux qui peuvent \u00eatre consid\u00e9r\u00e9es comme&#8230;<\/p>\n","protected":false},"author":1,"featured_media":0,"parent":0,"menu_order":0,"comment_status":"closed","ping_status":"closed","template":"","meta":{"footnotes":""},"class_list":["post-517","page","type-page","status-publish","hentry"],"yoast_head":"<!-- This site is optimized with the Yoast SEO plugin v23.4 - https:\/\/yoast.com\/wordpress\/plugins\/seo\/ -->\n<title>Anerkannte Seemeilen - Swiss Yachting Association<\/title>\n<meta name=\"robots\" content=\"index, follow, max-snippet:-1, max-image-preview:large, max-video-preview:-1\" \/>\n<link rel=\"canonical\" href=\"https:\/\/www.sya.ch\/de_DE\/anerkannte-seemeilen\/\" \/>\n<meta property=\"og:locale\" content=\"de_DE\" \/>\n<meta property=\"og:type\" content=\"article\" \/>\n<meta property=\"og:title\" content=\"Anerkannte Seemeilen - Swiss Yachting Association\" \/>\n<meta property=\"og:description\" content=\"Pour obtenir le permis mer pour les bateaux \u00e0 moteur ou \u00e0 voile, tu dois \u00eatre au b\u00e9n\u00e9fice d\u2019une certaine exp\u00e9rience pratique en milieu marin. Il est parfois difficile d\u2019\u00eatre au clair pour ce qui concerne les eaux qui peuvent \u00eatre consid\u00e9r\u00e9es comme...\" \/>\n<meta property=\"og:url\" content=\"https:\/\/www.sya.ch\/de_DE\/anerkannte-seemeilen\/\" \/>\n<meta property=\"og:site_name\" content=\"Swiss Yachting Association\" \/>\n<meta property=\"article:modified_time\" content=\"2020-04-07T14:44:28+00:00\" \/>\n<meta name=\"twitter:label1\" content=\"Gesch\u00e4tzte Lesezeit\" \/>\n\t<meta name=\"twitter:data1\" content=\"2 Minuten\" \/>\n<script type=\"application\/ld+json\" class=\"yoast-schema-graph\">{\"@context\":\"https:\/\/schema.org\",\"@graph\":[{\"@type\":\"WebPage\",\"@id\":\"https:\/\/www.sya.ch\/de_DE\/anerkannte-seemeilen\/\",\"url\":\"https:\/\/www.sya.ch\/de_DE\/anerkannte-seemeilen\/\",\"name\":\"Anerkannte Seemeilen - Swiss Yachting Association\",\"isPartOf\":{\"@id\":\"https:\/\/www.sya.ch\/de_DE\/#website\"},\"datePublished\":\"2020-04-01T10:10:02+00:00\",\"dateModified\":\"2020-04-07T14:44:28+00:00\",\"breadcrumb\":{\"@id\":\"https:\/\/www.sya.ch\/de_DE\/anerkannte-seemeilen\/#breadcrumb\"},\"inLanguage\":\"de-DE\",\"potentialAction\":[{\"@type\":\"ReadAction\",\"target\":[\"https:\/\/www.sya.ch\/de_DE\/anerkannte-seemeilen\/\"]}]},{\"@type\":\"BreadcrumbList\",\"@id\":\"https:\/\/www.sya.ch\/de_DE\/anerkannte-seemeilen\/#breadcrumb\",\"itemListElement\":[{\"@type\":\"ListItem\",\"position\":1,\"name\":\"Home\",\"item\":\"https:\/\/www.sya.ch\/\"},{\"@type\":\"ListItem\",\"position\":2,\"name\":\"Anerkannte Seemeilen\"}]},{\"@type\":\"WebSite\",\"@id\":\"https:\/\/www.sya.ch\/de_DE\/#website\",\"url\":\"https:\/\/www.sya.ch\/de_DE\/\",\"name\":\"Swiss Yachting Association\",\"description\":\"Offizielle Hochseepr\u00fcfungsstelle\",\"potentialAction\":[{\"@type\":\"SearchAction\",\"target\":{\"@type\":\"EntryPoint\",\"urlTemplate\":\"https:\/\/www.sya.ch\/de_DE\/?s={search_term_string}\"},\"query-input\":{\"@type\":\"PropertyValueSpecification\",\"valueRequired\":true,\"valueName\":\"search_term_string\"}}],\"inLanguage\":\"de-DE\"}]}<\/script>\n<!-- \/ Yoast SEO plugin. -->","yoast_head_json":{"title":"Anerkannte Seemeilen - Swiss Yachting Association","robots":{"index":"index","follow":"follow","max-snippet":"max-snippet:-1","max-image-preview":"max-image-preview:large","max-video-preview":"max-video-preview:-1"},"canonical":"https:\/\/www.sya.ch\/de_DE\/anerkannte-seemeilen\/","og_locale":"de_DE","og_type":"article","og_title":"Anerkannte Seemeilen - Swiss Yachting Association","og_description":"Pour obtenir le permis mer pour les bateaux \u00e0 moteur ou \u00e0 voile, tu dois \u00eatre au b\u00e9n\u00e9fice d\u2019une certaine exp\u00e9rience pratique en milieu marin. Il est parfois difficile d\u2019\u00eatre au clair pour ce qui concerne les eaux qui peuvent \u00eatre consid\u00e9r\u00e9es comme...","og_url":"https:\/\/www.sya.ch\/de_DE\/anerkannte-seemeilen\/","og_site_name":"Swiss Yachting Association","article_modified_time":"2020-04-07T14:44:28+00:00","twitter_misc":{"Gesch\u00e4tzte Lesezeit":"2 Minuten"},"schema":{"@context":"https:\/\/schema.org","@graph":[{"@type":"WebPage","@id":"https:\/\/www.sya.ch\/de_DE\/anerkannte-seemeilen\/","url":"https:\/\/www.sya.ch\/de_DE\/anerkannte-seemeilen\/","name":"Anerkannte Seemeilen - Swiss Yachting Association","isPartOf":{"@id":"https:\/\/www.sya.ch\/de_DE\/#website"},"datePublished":"2020-04-01T10:10:02+00:00","dateModified":"2020-04-07T14:44:28+00:00","breadcrumb":{"@id":"https:\/\/www.sya.ch\/de_DE\/anerkannte-seemeilen\/#breadcrumb"},"inLanguage":"de-DE","potentialAction":[{"@type":"ReadAction","target":["https:\/\/www.sya.ch\/de_DE\/anerkannte-seemeilen\/"]}]},{"@type":"BreadcrumbList","@id":"https:\/\/www.sya.ch\/de_DE\/anerkannte-seemeilen\/#breadcrumb","itemListElement":[{"@type":"ListItem","position":1,"name":"Home","item":"https:\/\/www.sya.ch\/"},{"@type":"ListItem","position":2,"name":"Anerkannte Seemeilen"}]},{"@type":"WebSite","@id":"https:\/\/www.sya.ch\/de_DE\/#website","url":"https:\/\/www.sya.ch\/de_DE\/","name":"Swiss Yachting Association","description":"Offizielle Hochseepr\u00fcfungsstelle","potentialAction":[{"@type":"SearchAction","target":{"@type":"EntryPoint","urlTemplate":"https:\/\/www.sya.ch\/de_DE\/?s={search_term_string}"},"query-input":{"@type":"PropertyValueSpecification","valueRequired":true,"valueName":"search_term_string"}}],"inLanguage":"de-DE"}]}},"_links":{"self":[{"href":"https:\/\/www.sya.ch\/fr_FR\/wp-json\/wp\/v2\/pages\/517"}],"collection":[{"href":"https:\/\/www.sya.ch\/fr_FR\/wp-json\/wp\/v2\/pages"}],"about":[{"href":"https:\/\/www.sya.ch\/fr_FR\/wp-json\/wp\/v2\/types\/page"}],"author":[{"embeddable":true,"href":"https:\/\/www.sya.ch\/fr_FR\/wp-json\/wp\/v2\/users\/1"}],"replies":[{"embeddable":true,"href":"https:\/\/www.sya.ch\/fr_FR\/wp-json\/wp\/v2\/comments?post=517"}],"version-history":[{"count":16,"href":"https:\/\/www.sya.ch\/fr_FR\/wp-json\/wp\/v2\/pages\/517\/revisions"}],"predecessor-version":[{"id":535,"href":"https:\/\/www.sya.ch\/fr_FR\/wp-json\/wp\/v2\/pages\/517\/revisions\/535"}],"wp:attachment":[{"href":"https:\/\/www.sya.ch\/fr_FR\/wp-json\/wp\/v2\/media?parent=517"}],"curies":[{"name":"wp","href":"https:\/\/api.w.org\/{rel}","templated":true}]}}