{"id":38,"date":"2014-04-25T14:43:45","date_gmt":"2014-04-25T12:43:45","guid":{"rendered":"http:\/\/www.sya.ch\/testweb\/?page_id=38"},"modified":"2016-02-16T13:31:32","modified_gmt":"2016-02-16T11:31:32","slug":"hochseeausweis","status":"publish","type":"page","link":"https:\/\/www.sya.ch\/fr_FR\/hochseeausweis\/","title":{"rendered":"Permis mer"},"content":{"rendered":"<p>L\u2019examen th\u00e9orique pour le permis mer (Swiss Certificate of\u00a0Competence for Ocean Yachting) est identique pour la\u00a0navigation \u00e0 voile ou \u00e0 moteur. Il comprend les mati\u00e8res\u00a0suivantes: Navigation, manoeuvres, m\u00e9t\u00e9orologie, m\u00e9decine \u00e0\u00a0bord, calculs de mar\u00e9es et exercices sur cartes.<\/p>\n","protected":false},"excerpt":{"rendered":"<p>L\u2019examen th\u00e9orique pour le permis mer (Swiss Certificate of\u00a0Competence for Ocean Yachting) est identique pour la\u00a0navigation \u00e0 voile ou \u00e0 moteur. Il comprend les mati\u00e8res\u00a0suivantes: Navigation, manoeuvres, m\u00e9t\u00e9orologie, m\u00e9decine \u00e0\u00a0bord, calculs de &#8230;<\/p>\n","protected":false},"author":1,"featured_media":0,"parent":0,"menu_order":0,"comment_status":"closed","ping_status":"closed","template":"","meta":{"footnotes":""},"class_list":["post-38","page","type-page","status-publish","hentry"],"yoast_head":"<!-- This site is optimized with the Yoast SEO plugin v23.4 - https:\/\/yoast.com\/wordpress\/plugins\/seo\/ -->\n<title>Hochseeausweis - Swiss Yachting Association<\/title>\n<meta name=\"description\" content=\"Die theoretische Pr\u00fcfung f\u00fcr den Hochseeausweis ist f\u00fcr die Kategorien &quot;Segelschiffe&quot; und &quot;Motorschiffe&quot; identisch und umfasst die Pr\u00fcfungf\u00e4cher Navigation..\" \/>\n<meta name=\"robots\" content=\"index, follow, max-snippet:-1, max-image-preview:large, max-video-preview:-1\" \/>\n<link rel=\"canonical\" href=\"https:\/\/www.sya.ch\/de_DE\/hochseeausweis\/\" \/>\n<meta property=\"og:locale\" content=\"de_DE\" \/>\n<meta property=\"og:type\" content=\"article\" \/>\n<meta property=\"og:title\" content=\"Hochseeausweis - Swiss Yachting Association\" \/>\n<meta property=\"og:description\" content=\"Die theoretische Pr\u00fcfung f\u00fcr den Hochseeausweis ist f\u00fcr die Kategorien &quot;Segelschiffe&quot; und &quot;Motorschiffe&quot; identisch und umfasst die Pr\u00fcfungf\u00e4cher Navigation..\" \/>\n<meta property=\"og:url\" content=\"https:\/\/www.sya.ch\/de_DE\/hochseeausweis\/\" \/>\n<meta property=\"og:site_name\" content=\"Swiss Yachting Association\" \/>\n<meta property=\"article:modified_time\" content=\"2016-02-16T11:31:32+00:00\" \/>\n<script type=\"application\/ld+json\" class=\"yoast-schema-graph\">{\"@context\":\"https:\/\/schema.org\",\"@graph\":[{\"@type\":\"WebPage\",\"@id\":\"https:\/\/www.sya.ch\/de_DE\/hochseeausweis\/\",\"url\":\"https:\/\/www.sya.ch\/de_DE\/hochseeausweis\/\",\"name\":\"Hochseeausweis - Swiss Yachting Association\",\"isPartOf\":{\"@id\":\"https:\/\/www.sya.ch\/de_DE\/#website\"},\"datePublished\":\"2014-04-25T12:43:45+00:00\",\"dateModified\":\"2016-02-16T11:31:32+00:00\",\"description\":\"Die theoretische Pr\u00fcfung f\u00fcr den Hochseeausweis ist f\u00fcr die Kategorien \\\"Segelschiffe\\\" und \\\"Motorschiffe\\\" identisch und umfasst die Pr\u00fcfungf\u00e4cher Navigation..\",\"breadcrumb\":{\"@id\":\"https:\/\/www.sya.ch\/de_DE\/hochseeausweis\/#breadcrumb\"},\"inLanguage\":\"de-DE\",\"potentialAction\":[{\"@type\":\"ReadAction\",\"target\":[\"https:\/\/www.sya.ch\/de_DE\/hochseeausweis\/\"]}]},{\"@type\":\"BreadcrumbList\",\"@id\":\"https:\/\/www.sya.ch\/de_DE\/hochseeausweis\/#breadcrumb\",\"itemListElement\":[{\"@type\":\"ListItem\",\"position\":1,\"name\":\"Home\",\"item\":\"https:\/\/www.sya.ch\/\"},{\"@type\":\"ListItem\",\"position\":2,\"name\":\"Hochseeausweis\"}]},{\"@type\":\"WebSite\",\"@id\":\"https:\/\/www.sya.ch\/de_DE\/#website\",\"url\":\"https:\/\/www.sya.ch\/de_DE\/\",\"name\":\"Swiss Yachting Association\",\"description\":\"Offizielle Hochseepr\u00fcfungsstelle\",\"potentialAction\":[{\"@type\":\"SearchAction\",\"target\":{\"@type\":\"EntryPoint\",\"urlTemplate\":\"https:\/\/www.sya.ch\/de_DE\/?s={search_term_string}\"},\"query-input\":{\"@type\":\"PropertyValueSpecification\",\"valueRequired\":true,\"valueName\":\"search_term_string\"}}],\"inLanguage\":\"de-DE\"}]}<\/script>\n<!-- \/ Yoast SEO plugin. -->","yoast_head_json":{"title":"Hochseeausweis - Swiss Yachting Association","description":"Die theoretische Pr\u00fcfung f\u00fcr den Hochseeausweis ist f\u00fcr die Kategorien \"Segelschiffe\" und \"Motorschiffe\" identisch und umfasst die Pr\u00fcfungf\u00e4cher Navigation..","robots":{"index":"index","follow":"follow","max-snippet":"max-snippet:-1","max-image-preview":"max-image-preview:large","max-video-preview":"max-video-preview:-1"},"canonical":"https:\/\/www.sya.ch\/de_DE\/hochseeausweis\/","og_locale":"de_DE","og_type":"article","og_title":"Hochseeausweis - Swiss Yachting Association","og_description":"Die theoretische Pr\u00fcfung f\u00fcr den Hochseeausweis ist f\u00fcr die Kategorien \"Segelschiffe\" und \"Motorschiffe\" identisch und umfasst die Pr\u00fcfungf\u00e4cher Navigation..","og_url":"https:\/\/www.sya.ch\/de_DE\/hochseeausweis\/","og_site_name":"Swiss Yachting Association","article_modified_time":"2016-02-16T11:31:32+00:00","schema":{"@context":"https:\/\/schema.org","@graph":[{"@type":"WebPage","@id":"https:\/\/www.sya.ch\/de_DE\/hochseeausweis\/","url":"https:\/\/www.sya.ch\/de_DE\/hochseeausweis\/","name":"Hochseeausweis - Swiss Yachting Association","isPartOf":{"@id":"https:\/\/www.sya.ch\/de_DE\/#website"},"datePublished":"2014-04-25T12:43:45+00:00","dateModified":"2016-02-16T11:31:32+00:00","description":"Die theoretische Pr\u00fcfung f\u00fcr den Hochseeausweis ist f\u00fcr die Kategorien \"Segelschiffe\" und \"Motorschiffe\" identisch und umfasst die Pr\u00fcfungf\u00e4cher Navigation..","breadcrumb":{"@id":"https:\/\/www.sya.ch\/de_DE\/hochseeausweis\/#breadcrumb"},"inLanguage":"de-DE","potentialAction":[{"@type":"ReadAction","target":["https:\/\/www.sya.ch\/de_DE\/hochseeausweis\/"]}]},{"@type":"BreadcrumbList","@id":"https:\/\/www.sya.ch\/de_DE\/hochseeausweis\/#breadcrumb","itemListElement":[{"@type":"ListItem","position":1,"name":"Home","item":"https:\/\/www.sya.ch\/"},{"@type":"ListItem","position":2,"name":"Hochseeausweis"}]},{"@type":"WebSite","@id":"https:\/\/www.sya.ch\/de_DE\/#website","url":"https:\/\/www.sya.ch\/de_DE\/","name":"Swiss Yachting Association","description":"Offizielle Hochseepr\u00fcfungsstelle","potentialAction":[{"@type":"SearchAction","target":{"@type":"EntryPoint","urlTemplate":"https:\/\/www.sya.ch\/de_DE\/?s={search_term_string}"},"query-input":{"@type":"PropertyValueSpecification","valueRequired":true,"valueName":"search_term_string"}}],"inLanguage":"de-DE"}]}},"_links":{"self":[{"href":"https:\/\/www.sya.ch\/fr_FR\/wp-json\/wp\/v2\/pages\/38"}],"collection":[{"href":"https:\/\/www.sya.ch\/fr_FR\/wp-json\/wp\/v2\/pages"}],"about":[{"href":"https:\/\/www.sya.ch\/fr_FR\/wp-json\/wp\/v2\/types\/page"}],"author":[{"embeddable":true,"href":"https:\/\/www.sya.ch\/fr_FR\/wp-json\/wp\/v2\/users\/1"}],"replies":[{"embeddable":true,"href":"https:\/\/www.sya.ch\/fr_FR\/wp-json\/wp\/v2\/comments?post=38"}],"version-history":[{"count":6,"href":"https:\/\/www.sya.ch\/fr_FR\/wp-json\/wp\/v2\/pages\/38\/revisions"}],"predecessor-version":[{"id":249,"href":"https:\/\/www.sya.ch\/fr_FR\/wp-json\/wp\/v2\/pages\/38\/revisions\/249"}],"wp:attachment":[{"href":"https:\/\/www.sya.ch\/fr_FR\/wp-json\/wp\/v2\/media?parent=38"}],"curies":[{"name":"wp","href":"https:\/\/api.w.org\/{rel}","templated":true}]}}