{"id":153,"date":"2015-03-20T15:28:03","date_gmt":"2015-03-20T13:28:03","guid":{"rendered":"http:\/\/www.sya.ch\/testweb\/?page_id=153"},"modified":"2024-08-12T16:07:49","modified_gmt":"2024-08-12T14:07:49","slug":"downloads","status":"publish","type":"page","link":"https:\/\/www.sya.ch\/fr_FR\/hochseeausweis\/downloads\/","title":{"rendered":"Downloads"},"content":{"rendered":"<p data-tadv-p=\"keep\"><a href=\"https:\/\/www.sya.ch\/wp-content\/uploads\/2021\/08\/fedlex-data-admin-ch-eli-cc-2007-130-20180101-fr-pdf-a.pdf\">Ordonnance de l&#8217;OSNM<\/a><\/p>\n<p data-tadv-p=\"keep\"><a href=\"https:\/\/www.sya.ch\/wp-content\/uploads\/2015\/03\/SYA-Attestation-medicale-de-la-capacite\u0301-auditive.pdf\" target=\"_blank\" rel=\"noopener\">Attestation medicale de la capacite\u0301 auditive<\/a><\/p>\n<p data-tadv-p=\"keep\"><a href=\"https:\/\/www.sya.ch\/wp-content\/uploads\/2015\/03\/SYA-Attestation-medicale-de-la-vue.pdf\" target=\"_blank\" rel=\"noopener\">Attestation medicale de la vue<\/a><\/p>\n<p data-tadv-p=\"keep\"><a href=\"https:\/\/www.sya.ch\/wp-content\/uploads\/2024\/08\/SYA-Datenerfassungsformular-V2.pdf\" target=\"_blank\" rel=\"noopener\">SYA Datenerfassungsformular<\/a><\/p>\n<p data-tadv-p=\"keep\"><a href=\"https:\/\/www.sya.ch\/wp-content\/uploads\/2015\/03\/Rechenblatt-Gezeitenformular-V1.6.pdf\" target=\"_blank\" rel=\"noopener\">Rechenblatt-Gezeitenformular-V1.6<\/a><\/p>\n","protected":false},"excerpt":{"rendered":"<p data-tadv-p=\"keep\"><a href=\"https:\/\/www.sya.ch\/wp-content\/uploads\/2021\/08\/fedlex-data-admin-ch-eli-cc-2007-130-20180101-fr-pdf-a.pdf\">Ordonnance de l&#8217;OSNM<\/a><\/p>\n<p data-tadv-p=\"keep\"><a href=\"https:\/\/www.sya.ch\/wp-content\/uploads\/2015\/03\/SYA-Att...\n<\/p>\n","protected":false},"author":1,"featured_media":0,"parent":38,"menu_order":0,"comment_status":"closed","ping_status":"closed","template":"","meta":{"footnotes":""},"class_list":["post-153","page","type-page","status-publish","hentry"],"yoast_head":"<!-- This site is optimized with the Yoast SEO plugin v23.4 - https:\/\/yoast.com\/wordpress\/plugins\/seo\/ -->\n<title>Downloads - Swiss Yachting Association<\/title>\n<meta name=\"description\" content=\"Die theoretische Pr\u00fcfung f\u00fcr den Hochseeausweis ist f\u00fcr die Kategorien &quot;Segelschiffe&quot; und &quot;Motorschiffe&quot; identisch und umfasst die Pr\u00fcfungf\u00e4cher Navigation..\" \/>\n<meta name=\"robots\" content=\"index, follow, max-snippet:-1, max-image-preview:large, max-video-preview:-1\" \/>\n<link rel=\"canonical\" href=\"https:\/\/www.sya.ch\/de_DE\/hochseeausweis\/downloads\/\" \/>\n<meta property=\"og:locale\" content=\"de_DE\" \/>\n<meta property=\"og:type\" content=\"article\" \/>\n<meta property=\"og:title\" content=\"Downloads - Swiss Yachting Association\" \/>\n<meta property=\"og:description\" content=\"Die theoretische Pr\u00fcfung f\u00fcr den Hochseeausweis ist f\u00fcr die Kategorien &quot;Segelschiffe&quot; und &quot;Motorschiffe&quot; identisch und umfasst die Pr\u00fcfungf\u00e4cher Navigation..\" \/>\n<meta property=\"og:url\" content=\"https:\/\/www.sya.ch\/de_DE\/hochseeausweis\/downloads\/\" \/>\n<meta property=\"og:site_name\" content=\"Swiss Yachting Association\" \/>\n<meta property=\"article:modified_time\" content=\"2024-08-12T14:07:49+00:00\" \/>\n<meta name=\"twitter:label1\" content=\"Gesch\u00e4tzte Lesezeit\" \/>\n\t<meta name=\"twitter:data1\" content=\"1 Minute\" \/>\n<script type=\"application\/ld+json\" class=\"yoast-schema-graph\">{\"@context\":\"https:\/\/schema.org\",\"@graph\":[{\"@type\":\"WebPage\",\"@id\":\"https:\/\/www.sya.ch\/de_DE\/hochseeausweis\/downloads\/\",\"url\":\"https:\/\/www.sya.ch\/de_DE\/hochseeausweis\/downloads\/\",\"name\":\"Downloads - Swiss Yachting Association\",\"isPartOf\":{\"@id\":\"https:\/\/www.sya.ch\/de_DE\/#website\"},\"datePublished\":\"2015-03-20T13:28:03+00:00\",\"dateModified\":\"2024-08-12T14:07:49+00:00\",\"description\":\"Die theoretische Pr\u00fcfung f\u00fcr den Hochseeausweis ist f\u00fcr die Kategorien \\\"Segelschiffe\\\" und \\\"Motorschiffe\\\" identisch und umfasst die Pr\u00fcfungf\u00e4cher Navigation..\",\"breadcrumb\":{\"@id\":\"https:\/\/www.sya.ch\/de_DE\/hochseeausweis\/downloads\/#breadcrumb\"},\"inLanguage\":\"de-DE\",\"potentialAction\":[{\"@type\":\"ReadAction\",\"target\":[\"https:\/\/www.sya.ch\/de_DE\/hochseeausweis\/downloads\/\"]}]},{\"@type\":\"BreadcrumbList\",\"@id\":\"https:\/\/www.sya.ch\/de_DE\/hochseeausweis\/downloads\/#breadcrumb\",\"itemListElement\":[{\"@type\":\"ListItem\",\"position\":1,\"name\":\"Home\",\"item\":\"https:\/\/www.sya.ch\/\"},{\"@type\":\"ListItem\",\"position\":2,\"name\":\"Hochseeausweis\",\"item\":\"https:\/\/www.sya.ch\/de_DE\/hochseeausweis\/\"},{\"@type\":\"ListItem\",\"position\":3,\"name\":\"Downloads\"}]},{\"@type\":\"WebSite\",\"@id\":\"https:\/\/www.sya.ch\/de_DE\/#website\",\"url\":\"https:\/\/www.sya.ch\/de_DE\/\",\"name\":\"Swiss Yachting Association\",\"description\":\"Offizielle Hochseepr\u00fcfungsstelle\",\"potentialAction\":[{\"@type\":\"SearchAction\",\"target\":{\"@type\":\"EntryPoint\",\"urlTemplate\":\"https:\/\/www.sya.ch\/de_DE\/?s={search_term_string}\"},\"query-input\":{\"@type\":\"PropertyValueSpecification\",\"valueRequired\":true,\"valueName\":\"search_term_string\"}}],\"inLanguage\":\"de-DE\"}]}<\/script>\n<!-- \/ Yoast SEO plugin. -->","yoast_head_json":{"title":"Downloads - Swiss Yachting Association","description":"Die theoretische Pr\u00fcfung f\u00fcr den Hochseeausweis ist f\u00fcr die Kategorien \"Segelschiffe\" und \"Motorschiffe\" identisch und umfasst die Pr\u00fcfungf\u00e4cher Navigation..","robots":{"index":"index","follow":"follow","max-snippet":"max-snippet:-1","max-image-preview":"max-image-preview:large","max-video-preview":"max-video-preview:-1"},"canonical":"https:\/\/www.sya.ch\/de_DE\/hochseeausweis\/downloads\/","og_locale":"de_DE","og_type":"article","og_title":"Downloads - Swiss Yachting Association","og_description":"Die theoretische Pr\u00fcfung f\u00fcr den Hochseeausweis ist f\u00fcr die Kategorien \"Segelschiffe\" und \"Motorschiffe\" identisch und umfasst die Pr\u00fcfungf\u00e4cher Navigation..","og_url":"https:\/\/www.sya.ch\/de_DE\/hochseeausweis\/downloads\/","og_site_name":"Swiss Yachting Association","article_modified_time":"2024-08-12T14:07:49+00:00","twitter_misc":{"Gesch\u00e4tzte Lesezeit":"1 Minute"},"schema":{"@context":"https:\/\/schema.org","@graph":[{"@type":"WebPage","@id":"https:\/\/www.sya.ch\/de_DE\/hochseeausweis\/downloads\/","url":"https:\/\/www.sya.ch\/de_DE\/hochseeausweis\/downloads\/","name":"Downloads - Swiss Yachting Association","isPartOf":{"@id":"https:\/\/www.sya.ch\/de_DE\/#website"},"datePublished":"2015-03-20T13:28:03+00:00","dateModified":"2024-08-12T14:07:49+00:00","description":"Die theoretische Pr\u00fcfung f\u00fcr den Hochseeausweis ist f\u00fcr die Kategorien \"Segelschiffe\" und \"Motorschiffe\" identisch und umfasst die Pr\u00fcfungf\u00e4cher Navigation..","breadcrumb":{"@id":"https:\/\/www.sya.ch\/de_DE\/hochseeausweis\/downloads\/#breadcrumb"},"inLanguage":"de-DE","potentialAction":[{"@type":"ReadAction","target":["https:\/\/www.sya.ch\/de_DE\/hochseeausweis\/downloads\/"]}]},{"@type":"BreadcrumbList","@id":"https:\/\/www.sya.ch\/de_DE\/hochseeausweis\/downloads\/#breadcrumb","itemListElement":[{"@type":"ListItem","position":1,"name":"Home","item":"https:\/\/www.sya.ch\/"},{"@type":"ListItem","position":2,"name":"Hochseeausweis","item":"https:\/\/www.sya.ch\/de_DE\/hochseeausweis\/"},{"@type":"ListItem","position":3,"name":"Downloads"}]},{"@type":"WebSite","@id":"https:\/\/www.sya.ch\/de_DE\/#website","url":"https:\/\/www.sya.ch\/de_DE\/","name":"Swiss Yachting Association","description":"Offizielle Hochseepr\u00fcfungsstelle","potentialAction":[{"@type":"SearchAction","target":{"@type":"EntryPoint","urlTemplate":"https:\/\/www.sya.ch\/de_DE\/?s={search_term_string}"},"query-input":{"@type":"PropertyValueSpecification","valueRequired":true,"valueName":"search_term_string"}}],"inLanguage":"de-DE"}]}},"_links":{"self":[{"href":"https:\/\/www.sya.ch\/fr_FR\/wp-json\/wp\/v2\/pages\/153"}],"collection":[{"href":"https:\/\/www.sya.ch\/fr_FR\/wp-json\/wp\/v2\/pages"}],"about":[{"href":"https:\/\/www.sya.ch\/fr_FR\/wp-json\/wp\/v2\/types\/page"}],"author":[{"embeddable":true,"href":"https:\/\/www.sya.ch\/fr_FR\/wp-json\/wp\/v2\/users\/1"}],"replies":[{"embeddable":true,"href":"https:\/\/www.sya.ch\/fr_FR\/wp-json\/wp\/v2\/comments?post=153"}],"version-history":[{"count":41,"href":"https:\/\/www.sya.ch\/fr_FR\/wp-json\/wp\/v2\/pages\/153\/revisions"}],"predecessor-version":[{"id":1007,"href":"https:\/\/www.sya.ch\/fr_FR\/wp-json\/wp\/v2\/pages\/153\/revisions\/1007"}],"up":[{"embeddable":true,"href":"https:\/\/www.sya.ch\/fr_FR\/wp-json\/wp\/v2\/pages\/38"}],"wp:attachment":[{"href":"https:\/\/www.sya.ch\/fr_FR\/wp-json\/wp\/v2\/media?parent=153"}],"curies":[{"name":"wp","href":"https:\/\/api.w.org\/{rel}","templated":true}]}}