{"id":679,"date":"2021-08-04T15:31:33","date_gmt":"2021-08-04T13:31:33","guid":{"rendered":"https:\/\/www.sya.ch\/?page_id=679"},"modified":"2025-05-27T07:49:22","modified_gmt":"2025-05-27T05:49:22","slug":"start","status":"publish","type":"page","link":"https:\/\/www.sya.ch\/de_DE\/start\/","title":{"rendered":"E-Learning"},"content":{"rendered":"\n<p><img loading=\"lazy\" decoding=\"async\" class=\"alignnone wp-image-806 size-full\" src=\"https:\/\/www.sya.ch\/wp-content\/uploads\/2021\/08\/DES_E-learning-titelbild-mittig-schmal_AB_V1_1.png\" alt=\"\" width=\"1080\" height=\"372\" srcset=\"https:\/\/www.sya.ch\/wp-content\/uploads\/2021\/08\/DES_E-learning-titelbild-mittig-schmal_AB_V1_1.png 1080w, https:\/\/www.sya.ch\/wp-content\/uploads\/2021\/08\/DES_E-learning-titelbild-mittig-schmal_AB_V1_1-300x103.png 300w, https:\/\/www.sya.ch\/wp-content\/uploads\/2021\/08\/DES_E-learning-titelbild-mittig-schmal_AB_V1_1-1024x353.png 1024w, https:\/\/www.sya.ch\/wp-content\/uploads\/2021\/08\/DES_E-learning-titelbild-mittig-schmal_AB_V1_1-768x265.png 768w\" sizes=\"(max-width: 1080px) 100vw, 1080px\" \/><\/p>\n\n\n\n<h1>Starte jetzt das SYA-E-Learning<\/h1>\n<p>Du hast eine Lizenzkarte und m\u00f6chtest das E-Learning zum ersten Mal verwenden (Zugangscode muss nur einmalig beim ersten Start eingegeben werden, anschliessend ist die E-Mail und dein Passwort dein Zugang zum E-Learning)<\/p>\n<p><strong><a class=\"myButton\" title=\"\u2794 E-Learning erstmalig als neue\/r Benutzer\/in einrichten\" href=\"https:\/\/www.boatdriver.ch\/e-learning\/app\/index\/app\/18\/sac\/1\/?r=eyJhcHAiOiIxNSIsInBhcnRuZXIiOiI0NjIzNyIsInBhcnRuZXJsb2NhdGlvbiI6IjEzOSJ9&amp;init=1\" target=\"_blank\" rel=\"noopener\">\u2794 Registrierung f\u00fcr neue\/r Benutzer\/in<\/a><\/strong><\/p>\n<p>Du hast dich bereits registriert und den Zugang aktiviert? Dann kannst du dich hier mit E-Mail und deinem Passwort anmelden und anschliessend weiterlernen.\u00a0<\/p>\n<p><strong><a class=\"myButton\" title=\"\u2794 E-Learning als registrierte\/r Benutzer\/in starten\" href=\"https:\/\/www.boatdriver.ch\/e-learning\/app\/index?r=eyJhcHAiOiIxNSIsInBhcnRuZXIiOiI0NjIzNyIsInBhcnRuZXJsb2NhdGlvbiI6IjEzOSJ9&amp;init=1\" target=\"_blank\" rel=\"noopener\">\u2794 Login f\u00fcr registrierte\/r Benutzer\/in<\/a><\/strong><\/p>\n<p>\u00a0<\/p>\n<p><strong><a class=\"myButton\" title=\"\u2794 E-Learning erstmalig als neue\/r Benutzer\/in einrichten\" href=\"https:\/\/www.boatdriver.ch\/e-learning\/app\/index\/app\/18\/sac\/1\/?r=eyJhcHAiOiIxNSIsInBhcnRuZXIiOiI0NjIzNyIsInBhcnRuZXJsb2NhdGlvbiI6IjEzOSJ9&amp;init=1\" target=\"_blank\" rel=\"noopener\">\u2794 Ich habe einen Demozugang und m\u00f6chte den Zugangscode eingeben<\/a><\/strong><\/p>\n<p>\u00a0<\/p>\n<h2>FAQ<\/h2>\n<p><strong>Wie erhalte ich Zugang zum SYA-E-Learning?<\/strong><br \/>Es gibt zwei M\u00f6glichkeiten: <br \/>1. Du hast eine Lizenzkarte vorliegen, darin findest du einen Zugangscode und <strong><a title=\"kannst hier das E-Learning f\u00fcr die Registration starten\" href=\"https:\/\/www.boatdriver.ch\/e-learning\/app\/index?r=eyJhcHAiOiIxNSIsInBhcnRuZXIiOiI0NjIzNyIsInBhcnRuZXJsb2NhdGlvbiI6IjEzOSJ9&amp;init=1\" target=\"_blank\" rel=\"noopener\">kannst hier das E-Learning f\u00fcr die Registration starten<\/a><\/strong>. <br \/>2. Du startest <strong><a href=\"https:\/\/www.boatdriver.ch\/e-learning\/app\/index?r=eyJhcHAiOiIxNSIsInBhcnRuZXIiOiI0NjIzNyIsInBhcnRuZXJsb2NhdGlvbiI6IjEzOSJ9&amp;init=1\" target=\"_blank\" rel=\"noopener\">hier das E-Learning<\/a><\/strong> und erwirbst online einen Zugang.<\/p>\n<p><strong>Gibt es eine Demo?<\/strong><br \/>Klar, du kannst <strong><a href=\"https:\/\/www.boatdriver.ch\/e-learning\/app\/index?r=eyJhcHAiOiIxNSIsInBhcnRuZXIiOiI0NjIzNyIsInBhcnRuZXJsb2NhdGlvbiI6IjEzOSJ9&amp;init=1\" target=\"_blank\" rel=\"noopener\">hier das E-Learning starten<\/a><\/strong> und w\u00e4hrend 7 Tage das E-Learning in einer eingeschr\u00e4nkten Version (max. 50 Fragen auswerten und 2 Pr\u00fcfungen absolvieren) kostenlos testen.<\/p>\n<p><strong>Auf welchen Ger\u00e4ten und Browser kann ich das E-Learning verwenden?<\/strong><br \/>Grunds\u00e4tzlich kann das E-Learning auf allen internetf\u00e4higen Ger\u00e4ten verwendet werden. Du kannst z.B. unterwegs auf deinem Smartphone, auf dem Sofa mit deinem Tablet und im B\u00fcro in der Pause auf dem Computer lernen. Wir empfehlen die Browser Google Chrome oder Safari, stelle sicher, dass du jeweils die neuste Version installiert hast.<\/p>\n<p>\u00a0<\/p>\n<h2>Support<\/h2>\n<p><strong>Ben\u00f6tigst du weitere Hilfe zum E-Learning?<\/strong>\u00a0<br \/>Kontaktiere bitte BoatDriver via <strong><a href=\"https:\/\/www.boatdriver.ch\/support\/supportanfrage\">Supportformular<\/a><\/strong><\/p>\n","protected":false},"excerpt":{"rendered":"<p><!-- wp:tadv\/classic-paragraph --><\/p>\n<p><img loading=\"lazy\" decoding=\"async\" class=\"alignnone wp-image-806 size-full\" src=\"https:\/\/www.sya.ch\/wp-content\/uploads\/2021\/08\/DES_E-learning-titelbild-mittig-schmal_AB_V1_1.png\" alt=\"\" width=\"1080\" height=\"372\" srcset=\"https:\/\/www.sya.ch\/wp-content\/uploads\/2021\/08\/DES_E-learning-titelbild-mittig-schmal_AB_V1_1.png 1080w, https:\/\/www.sya.ch\/wp-content\/uploads\/2021\/08\/DES_E-learning-titelbild-mittig-schmal_AB_V1_1-300x103.png 300w, https:\/\/www.sya.ch\/wp-content\/uploads\/2021\/08\/DES_E-learning-titelbild-mittig-schmal_AB_V1_1-1024x353.png 1024w, https:\/\/www.sya.ch\/wp-content\/uploads\/2021\/08\/DES_E-learning-titelbild-mittig-schmal_AB_V1_1-768x265.png 768w\" sizes=\"(max-width: 1080px) 100vw, 1080px\" \/><\/p>\n<p><!-- \/wp:tadv\/classic-par...\n<\/p>\n","protected":false},"author":1,"featured_media":806,"parent":0,"menu_order":0,"comment_status":"closed","ping_status":"closed","template":"","meta":{"footnotes":""},"class_list":["post-679","page","type-page","status-publish","has-post-thumbnail","hentry"],"yoast_head":"<!-- This site is optimized with the Yoast SEO plugin v23.4 - https:\/\/yoast.com\/wordpress\/plugins\/seo\/ -->\n<title>E-Learning - Swiss Yachting Association<\/title>\n<meta name=\"robots\" content=\"index, follow, max-snippet:-1, max-image-preview:large, max-video-preview:-1\" \/>\n<link rel=\"canonical\" href=\"https:\/\/www.sya.ch\/start\/\" \/>\n<meta property=\"og:locale\" content=\"de_DE\" \/>\n<meta property=\"og:type\" content=\"article\" \/>\n<meta property=\"og:title\" content=\"E-Learning - Swiss Yachting Association\" \/>\n<meta property=\"og:url\" content=\"https:\/\/www.sya.ch\/start\/\" \/>\n<meta property=\"og:site_name\" content=\"Swiss Yachting Association\" \/>\n<meta property=\"article:modified_time\" content=\"2025-05-27T05:49:22+00:00\" \/>\n<meta property=\"og:image\" content=\"https:\/\/www.sya.ch\/wp-content\/uploads\/2021\/08\/DES_E-learning-titelbild-mittig-schmal_AB_V1_1.png\" \/>\n\t<meta property=\"og:image:width\" content=\"1080\" \/>\n\t<meta property=\"og:image:height\" content=\"372\" \/>\n\t<meta property=\"og:image:type\" content=\"image\/png\" \/>\n<meta name=\"twitter:label1\" content=\"Gesch\u00e4tzte Lesezeit\" \/>\n\t<meta name=\"twitter:data1\" content=\"2 Minuten\" \/>\n<script type=\"application\/ld+json\" class=\"yoast-schema-graph\">{\"@context\":\"https:\/\/schema.org\",\"@graph\":[{\"@type\":\"WebPage\",\"@id\":\"https:\/\/www.sya.ch\/start\/\",\"url\":\"https:\/\/www.sya.ch\/start\/\",\"name\":\"E-Learning - Swiss Yachting Association\",\"isPartOf\":{\"@id\":\"https:\/\/www.sya.ch\/de_DE\/#website\"},\"primaryImageOfPage\":{\"@id\":\"https:\/\/www.sya.ch\/start\/#primaryimage\"},\"image\":{\"@id\":\"https:\/\/www.sya.ch\/start\/#primaryimage\"},\"thumbnailUrl\":\"https:\/\/www.sya.ch\/wp-content\/uploads\/2021\/08\/DES_E-learning-titelbild-mittig-schmal_AB_V1_1.png\",\"datePublished\":\"2021-08-04T13:31:33+00:00\",\"dateModified\":\"2025-05-27T05:49:22+00:00\",\"breadcrumb\":{\"@id\":\"https:\/\/www.sya.ch\/start\/#breadcrumb\"},\"inLanguage\":\"de-DE\",\"potentialAction\":[{\"@type\":\"ReadAction\",\"target\":[\"https:\/\/www.sya.ch\/start\/\"]}]},{\"@type\":\"ImageObject\",\"inLanguage\":\"de-DE\",\"@id\":\"https:\/\/www.sya.ch\/start\/#primaryimage\",\"url\":\"https:\/\/www.sya.ch\/wp-content\/uploads\/2021\/08\/DES_E-learning-titelbild-mittig-schmal_AB_V1_1.png\",\"contentUrl\":\"https:\/\/www.sya.ch\/wp-content\/uploads\/2021\/08\/DES_E-learning-titelbild-mittig-schmal_AB_V1_1.png\",\"width\":1080,\"height\":372},{\"@type\":\"BreadcrumbList\",\"@id\":\"https:\/\/www.sya.ch\/start\/#breadcrumb\",\"itemListElement\":[{\"@type\":\"ListItem\",\"position\":1,\"name\":\"Home\",\"item\":\"https:\/\/www.sya.ch\/\"},{\"@type\":\"ListItem\",\"position\":2,\"name\":\"E-Learning\"}]},{\"@type\":\"WebSite\",\"@id\":\"https:\/\/www.sya.ch\/de_DE\/#website\",\"url\":\"https:\/\/www.sya.ch\/de_DE\/\",\"name\":\"Swiss Yachting Association\",\"description\":\"Offizielle Hochseepr\u00fcfungsstelle\",\"potentialAction\":[{\"@type\":\"SearchAction\",\"target\":{\"@type\":\"EntryPoint\",\"urlTemplate\":\"https:\/\/www.sya.ch\/de_DE\/?s={search_term_string}\"},\"query-input\":{\"@type\":\"PropertyValueSpecification\",\"valueRequired\":true,\"valueName\":\"search_term_string\"}}],\"inLanguage\":\"de-DE\"}]}<\/script>\n<!-- \/ Yoast SEO plugin. -->","yoast_head_json":{"title":"E-Learning - Swiss Yachting Association","robots":{"index":"index","follow":"follow","max-snippet":"max-snippet:-1","max-image-preview":"max-image-preview:large","max-video-preview":"max-video-preview:-1"},"canonical":"https:\/\/www.sya.ch\/start\/","og_locale":"de_DE","og_type":"article","og_title":"E-Learning - Swiss Yachting Association","og_url":"https:\/\/www.sya.ch\/start\/","og_site_name":"Swiss Yachting Association","article_modified_time":"2025-05-27T05:49:22+00:00","og_image":[{"width":1080,"height":372,"url":"https:\/\/www.sya.ch\/wp-content\/uploads\/2021\/08\/DES_E-learning-titelbild-mittig-schmal_AB_V1_1.png","type":"image\/png"}],"twitter_misc":{"Gesch\u00e4tzte Lesezeit":"2 Minuten"},"schema":{"@context":"https:\/\/schema.org","@graph":[{"@type":"WebPage","@id":"https:\/\/www.sya.ch\/start\/","url":"https:\/\/www.sya.ch\/start\/","name":"E-Learning - Swiss Yachting Association","isPartOf":{"@id":"https:\/\/www.sya.ch\/de_DE\/#website"},"primaryImageOfPage":{"@id":"https:\/\/www.sya.ch\/start\/#primaryimage"},"image":{"@id":"https:\/\/www.sya.ch\/start\/#primaryimage"},"thumbnailUrl":"https:\/\/www.sya.ch\/wp-content\/uploads\/2021\/08\/DES_E-learning-titelbild-mittig-schmal_AB_V1_1.png","datePublished":"2021-08-04T13:31:33+00:00","dateModified":"2025-05-27T05:49:22+00:00","breadcrumb":{"@id":"https:\/\/www.sya.ch\/start\/#breadcrumb"},"inLanguage":"de-DE","potentialAction":[{"@type":"ReadAction","target":["https:\/\/www.sya.ch\/start\/"]}]},{"@type":"ImageObject","inLanguage":"de-DE","@id":"https:\/\/www.sya.ch\/start\/#primaryimage","url":"https:\/\/www.sya.ch\/wp-content\/uploads\/2021\/08\/DES_E-learning-titelbild-mittig-schmal_AB_V1_1.png","contentUrl":"https:\/\/www.sya.ch\/wp-content\/uploads\/2021\/08\/DES_E-learning-titelbild-mittig-schmal_AB_V1_1.png","width":1080,"height":372},{"@type":"BreadcrumbList","@id":"https:\/\/www.sya.ch\/start\/#breadcrumb","itemListElement":[{"@type":"ListItem","position":1,"name":"Home","item":"https:\/\/www.sya.ch\/"},{"@type":"ListItem","position":2,"name":"E-Learning"}]},{"@type":"WebSite","@id":"https:\/\/www.sya.ch\/de_DE\/#website","url":"https:\/\/www.sya.ch\/de_DE\/","name":"Swiss Yachting Association","description":"Offizielle Hochseepr\u00fcfungsstelle","potentialAction":[{"@type":"SearchAction","target":{"@type":"EntryPoint","urlTemplate":"https:\/\/www.sya.ch\/de_DE\/?s={search_term_string}"},"query-input":{"@type":"PropertyValueSpecification","valueRequired":true,"valueName":"search_term_string"}}],"inLanguage":"de-DE"}]}},"_links":{"self":[{"href":"https:\/\/www.sya.ch\/de_DE\/wp-json\/wp\/v2\/pages\/679"}],"collection":[{"href":"https:\/\/www.sya.ch\/de_DE\/wp-json\/wp\/v2\/pages"}],"about":[{"href":"https:\/\/www.sya.ch\/de_DE\/wp-json\/wp\/v2\/types\/page"}],"author":[{"embeddable":true,"href":"https:\/\/www.sya.ch\/de_DE\/wp-json\/wp\/v2\/users\/1"}],"replies":[{"embeddable":true,"href":"https:\/\/www.sya.ch\/de_DE\/wp-json\/wp\/v2\/comments?post=679"}],"version-history":[{"count":64,"href":"https:\/\/www.sya.ch\/de_DE\/wp-json\/wp\/v2\/pages\/679\/revisions"}],"predecessor-version":[{"id":1098,"href":"https:\/\/www.sya.ch\/de_DE\/wp-json\/wp\/v2\/pages\/679\/revisions\/1098"}],"wp:featuredmedia":[{"embeddable":true,"href":"https:\/\/www.sya.ch\/de_DE\/wp-json\/wp\/v2\/media\/806"}],"wp:attachment":[{"href":"https:\/\/www.sya.ch\/de_DE\/wp-json\/wp\/v2\/media?parent=679"}],"curies":[{"name":"wp","href":"https:\/\/api.w.org\/{rel}","templated":true}]}}