{"id":517,"date":"2020-04-01T12:10:02","date_gmt":"2020-04-01T10:10:02","guid":{"rendered":"https:\/\/www.sya.ch\/?page_id=517"},"modified":"2020-04-07T16:44:28","modified_gmt":"2020-04-07T14:44:28","slug":"anerkannte-seemeilen","status":"publish","type":"page","link":"https:\/\/www.sya.ch\/de_DE\/anerkannte-seemeilen\/","title":{"rendered":"Anerkannte Seemeilen"},"content":{"rendered":"<p><strong>Neue Bestimmungen &#8211; Anrechnung der Seemeilen ausserhalb des Binnengew\u00e4ssers<\/strong><\/p>\n<p>Im Rahmen der Pr\u00fcfung der Anforderungen an die Praxis auf See gem\u00e4ss Art. 6 Abs. 1 Lit.a der HOV stellt sich immer wieder die Frage, welche Gew\u00e4sser unter die Kategorie &#8222;ausserhalb der Binnengew\u00e4sser&#8220; zu z\u00e4hlen sind, damit die gefahrenen Seemeilen f\u00fcr den Erwerb des Hochseeausweises anerkannt werden k\u00f6nnen. Die Abgrenzungs- und Auslegungskriterien wurden nun pr\u00e4zisiert und vom SSA genehmigt.<\/p>\n<p><strong>Meilenbest\u00e4tigung: Auslegung von Art. 6 Abs. 1 lit.a der HOV<\/strong><\/p>\n<p>Neu sind alle Gew\u00e4sser, als \u00abausserhalb der Binnengew\u00e4sser\u00bb zu betrachten, wenn sie mindestens eines der folgenden Kriterien erf\u00fcllen:<\/p>\n<ol>\n<li>\n<p>Gew\u00e4sser, welche ein Staat selber als Hochsee definiert<br \/>Wenn ein Staat eines seiner Gew\u00e4sser selber als \u00abHochsee\u00bb definiert, dann gilt das f\u00fcr die Meilenanerkennung automatisch auch als ein Hochseegew\u00e4sser f\u00fcr uns. In Deutschland gibt es <br \/>z.B. die Seeschifffahrtsstrassen-Ordnung (SeeSchStrO), in deren Geltungsbereich die internationalen Kollisionsregeln zur Anwendung kommen. Deshalb gelten alle der Deutschen <br \/>SeeSchStrO unterstehenden Gew\u00e4sser f\u00fcr uns als Meilenanerkennungsf\u00e4hig. Darunter f\u00e4llt zum Beispiel der eingangs genannte Nord-Ostsee Kanal.<\/p>\n<\/li>\n<li>\n<p>Gezeitengew\u00e4sser<br \/>Alle Gezeitengew\u00e4sser sind als Gew\u00e4sser \u00abausserhalb der Binnengew\u00e4sser\u00bb zu betrachten, und zwar auch dann, wenn sie von einem Damm eingefasst sind. Darunter f\u00e4llt zum Beispiel die <br \/>Osterschelde in S\u00fcdholland, welche von der Nordsee nur \u00fcber eine Schleuse (Rompot-Schleuse) erreicht werden kann, aber trotzdem einen (gegen\u00fcber der Nordsee verz\u00f6gerten) Tidenhub von bis zu 2m erreicht.<\/p>\n<\/li>\n<li>\n<p>Gew\u00e4sser, mit gleichen oder \u00e4hnlichen Anforderungen wie an die Hochsee<br \/>Alle Gew\u00e4sser, f\u00fcr welche zum Befahren aufgrund der herrschenden Winde, Wellen und den generellen Anforderrungen an die Navigation (Betonnung etc.) \u00e4hnliche Anforderungen, wie die <br \/>der offenen Hochsee erfordern, gelten ebenfalls als anerkennungsf\u00e4hig. Dazu geh\u00f6ren zum Beispiel das bereits genannte Ijssselmeer und das Markermeer in Holland.<\/p>\n<\/li>\n<li>\n<p>Gew\u00e4sser mit regem Verkehr von Hochseeschiffen<br \/>Schliesslich sind die Gew\u00e4sser, auf denen ein reger Verkehr von Hochseeschiffen (im Sinne von Art. 30 des Seeschiffahrtsgesetzes) herrscht und erh\u00f6hte Anforderungen an den Skipper in <br \/>Bezug auf Navigation, Hafen- und Funkvorschriften etc. erfordern, Meilen anerkennungsf\u00e4hig. Dazu geh\u00f6ren zum Beispiel die 18 Meilen lange Einfahrt in den Hafen Rotterdam, die Nord, die dortsche Kill und das hollandsche Diep.<\/p>\n<\/li>\n<\/ol>\n","protected":false},"excerpt":{"rendered":"<p><strong>Neue Bestimmungen &#8211; Anrechnung der Seemeilen ausserhalb des Binnengew\u00e4ssers<\/strong><\/p>\n<p>Im Rahmen der Pr\u00fcfung der Anforderungen an die Praxis auf See gem\u00e4ss Art. 6 Abs. 1 Lit.a der HOV stellt sich immer wieder die Frage, welche Gew\u00e4sse&#8230;<\/p>\n","protected":false},"author":1,"featured_media":0,"parent":0,"menu_order":0,"comment_status":"closed","ping_status":"closed","template":"","meta":{"footnotes":""},"class_list":["post-517","page","type-page","status-publish","hentry"],"yoast_head":"<!-- This site is optimized with the Yoast SEO plugin v23.4 - https:\/\/yoast.com\/wordpress\/plugins\/seo\/ -->\n<title>Anerkannte Seemeilen - Swiss Yachting Association<\/title>\n<meta name=\"robots\" content=\"index, follow, max-snippet:-1, max-image-preview:large, max-video-preview:-1\" \/>\n<link rel=\"canonical\" href=\"https:\/\/www.sya.ch\/de_DE\/anerkannte-seemeilen\/\" \/>\n<meta property=\"og:locale\" content=\"de_DE\" \/>\n<meta property=\"og:type\" content=\"article\" \/>\n<meta property=\"og:title\" content=\"Anerkannte Seemeilen - Swiss Yachting Association\" \/>\n<meta property=\"og:description\" content=\"Neue Bestimmungen - Anrechnung der Seemeilen ausserhalb des Binnengew\u00e4ssers Im Rahmen der Pr\u00fcfung der Anforderungen an die Praxis auf See gem\u00e4ss Art. 6 Abs. 1 Lit.a der HOV stellt sich immer wieder die Frage, welche Gew\u00e4sse...\" \/>\n<meta property=\"og:url\" content=\"https:\/\/www.sya.ch\/de_DE\/anerkannte-seemeilen\/\" \/>\n<meta property=\"og:site_name\" content=\"Swiss Yachting Association\" \/>\n<meta property=\"article:modified_time\" content=\"2020-04-07T14:44:28+00:00\" \/>\n<meta name=\"twitter:label1\" content=\"Gesch\u00e4tzte Lesezeit\" \/>\n\t<meta name=\"twitter:data1\" content=\"2 Minuten\" \/>\n<script type=\"application\/ld+json\" class=\"yoast-schema-graph\">{\"@context\":\"https:\/\/schema.org\",\"@graph\":[{\"@type\":\"WebPage\",\"@id\":\"https:\/\/www.sya.ch\/de_DE\/anerkannte-seemeilen\/\",\"url\":\"https:\/\/www.sya.ch\/de_DE\/anerkannte-seemeilen\/\",\"name\":\"Anerkannte Seemeilen - Swiss Yachting Association\",\"isPartOf\":{\"@id\":\"https:\/\/www.sya.ch\/de_DE\/#website\"},\"datePublished\":\"2020-04-01T10:10:02+00:00\",\"dateModified\":\"2020-04-07T14:44:28+00:00\",\"breadcrumb\":{\"@id\":\"https:\/\/www.sya.ch\/de_DE\/anerkannte-seemeilen\/#breadcrumb\"},\"inLanguage\":\"de-DE\",\"potentialAction\":[{\"@type\":\"ReadAction\",\"target\":[\"https:\/\/www.sya.ch\/de_DE\/anerkannte-seemeilen\/\"]}]},{\"@type\":\"BreadcrumbList\",\"@id\":\"https:\/\/www.sya.ch\/de_DE\/anerkannte-seemeilen\/#breadcrumb\",\"itemListElement\":[{\"@type\":\"ListItem\",\"position\":1,\"name\":\"Home\",\"item\":\"https:\/\/www.sya.ch\/\"},{\"@type\":\"ListItem\",\"position\":2,\"name\":\"Anerkannte Seemeilen\"}]},{\"@type\":\"WebSite\",\"@id\":\"https:\/\/www.sya.ch\/de_DE\/#website\",\"url\":\"https:\/\/www.sya.ch\/de_DE\/\",\"name\":\"Swiss Yachting Association\",\"description\":\"Offizielle Hochseepr\u00fcfungsstelle\",\"potentialAction\":[{\"@type\":\"SearchAction\",\"target\":{\"@type\":\"EntryPoint\",\"urlTemplate\":\"https:\/\/www.sya.ch\/de_DE\/?s={search_term_string}\"},\"query-input\":{\"@type\":\"PropertyValueSpecification\",\"valueRequired\":true,\"valueName\":\"search_term_string\"}}],\"inLanguage\":\"de-DE\"}]}<\/script>\n<!-- \/ Yoast SEO plugin. -->","yoast_head_json":{"title":"Anerkannte Seemeilen - Swiss Yachting Association","robots":{"index":"index","follow":"follow","max-snippet":"max-snippet:-1","max-image-preview":"max-image-preview:large","max-video-preview":"max-video-preview:-1"},"canonical":"https:\/\/www.sya.ch\/de_DE\/anerkannte-seemeilen\/","og_locale":"de_DE","og_type":"article","og_title":"Anerkannte Seemeilen - Swiss Yachting Association","og_description":"Neue Bestimmungen - Anrechnung der Seemeilen ausserhalb des Binnengew\u00e4ssers Im Rahmen der Pr\u00fcfung der Anforderungen an die Praxis auf See gem\u00e4ss Art. 6 Abs. 1 Lit.a der HOV stellt sich immer wieder die Frage, welche Gew\u00e4sse...","og_url":"https:\/\/www.sya.ch\/de_DE\/anerkannte-seemeilen\/","og_site_name":"Swiss Yachting Association","article_modified_time":"2020-04-07T14:44:28+00:00","twitter_misc":{"Gesch\u00e4tzte Lesezeit":"2 Minuten"},"schema":{"@context":"https:\/\/schema.org","@graph":[{"@type":"WebPage","@id":"https:\/\/www.sya.ch\/de_DE\/anerkannte-seemeilen\/","url":"https:\/\/www.sya.ch\/de_DE\/anerkannte-seemeilen\/","name":"Anerkannte Seemeilen - Swiss Yachting Association","isPartOf":{"@id":"https:\/\/www.sya.ch\/de_DE\/#website"},"datePublished":"2020-04-01T10:10:02+00:00","dateModified":"2020-04-07T14:44:28+00:00","breadcrumb":{"@id":"https:\/\/www.sya.ch\/de_DE\/anerkannte-seemeilen\/#breadcrumb"},"inLanguage":"de-DE","potentialAction":[{"@type":"ReadAction","target":["https:\/\/www.sya.ch\/de_DE\/anerkannte-seemeilen\/"]}]},{"@type":"BreadcrumbList","@id":"https:\/\/www.sya.ch\/de_DE\/anerkannte-seemeilen\/#breadcrumb","itemListElement":[{"@type":"ListItem","position":1,"name":"Home","item":"https:\/\/www.sya.ch\/"},{"@type":"ListItem","position":2,"name":"Anerkannte Seemeilen"}]},{"@type":"WebSite","@id":"https:\/\/www.sya.ch\/de_DE\/#website","url":"https:\/\/www.sya.ch\/de_DE\/","name":"Swiss Yachting Association","description":"Offizielle Hochseepr\u00fcfungsstelle","potentialAction":[{"@type":"SearchAction","target":{"@type":"EntryPoint","urlTemplate":"https:\/\/www.sya.ch\/de_DE\/?s={search_term_string}"},"query-input":{"@type":"PropertyValueSpecification","valueRequired":true,"valueName":"search_term_string"}}],"inLanguage":"de-DE"}]}},"_links":{"self":[{"href":"https:\/\/www.sya.ch\/de_DE\/wp-json\/wp\/v2\/pages\/517"}],"collection":[{"href":"https:\/\/www.sya.ch\/de_DE\/wp-json\/wp\/v2\/pages"}],"about":[{"href":"https:\/\/www.sya.ch\/de_DE\/wp-json\/wp\/v2\/types\/page"}],"author":[{"embeddable":true,"href":"https:\/\/www.sya.ch\/de_DE\/wp-json\/wp\/v2\/users\/1"}],"replies":[{"embeddable":true,"href":"https:\/\/www.sya.ch\/de_DE\/wp-json\/wp\/v2\/comments?post=517"}],"version-history":[{"count":16,"href":"https:\/\/www.sya.ch\/de_DE\/wp-json\/wp\/v2\/pages\/517\/revisions"}],"predecessor-version":[{"id":535,"href":"https:\/\/www.sya.ch\/de_DE\/wp-json\/wp\/v2\/pages\/517\/revisions\/535"}],"wp:attachment":[{"href":"https:\/\/www.sya.ch\/de_DE\/wp-json\/wp\/v2\/media?parent=517"}],"curies":[{"name":"wp","href":"https:\/\/api.w.org\/{rel}","templated":true}]}}