{"id":46,"date":"2014-04-25T14:45:05","date_gmt":"2014-04-25T12:45:05","guid":{"rendered":"http:\/\/www.sya.ch\/testweb\/?page_id=46"},"modified":"2023-11-23T15:57:01","modified_gmt":"2023-11-23T13:57:01","slug":"anmeldung-zur-pruefung","status":"publish","type":"page","link":"https:\/\/www.sya.ch\/de_DE\/hochseeausweis\/anmeldung-zur-pruefung\/","title":{"rendered":"Pr\u00fcfungsanmeldung"},"content":{"rendered":"<p><strong>Anmeldung zur Theoriepr\u00fcfung<\/strong><\/p>\n<p>Die Anmeldung zur Theoriepr\u00fcfung erfolgt online \u00fcber www.sya.ch.<br \/>\nInnerhalb von 2-4 Tagen erhalten die Kandidaten die e-mail Best\u00e4tigung mit Rechnung.<br \/>\nDie Anmeldung ist definitiv, wenn die Pr\u00fcfungsgeb\u00fchr auf der Gesch\u00e4ftsstelle eingegangen ist. Es werden keine Zahlungsbest\u00e4tigungen verschickt.<br \/>\nCa. 1 Woche vor der Pr\u00fcfung wird die Adresse des Pr\u00fcfungslokals per e-mail bekannt gegeben.<\/p>\n<p><strong>Verschiebungen<\/strong><\/p>\n<p>Die Verschiebung des Pr\u00fcfungstermins bis Montag vor der Pr\u00fcfung um 09.00 Uhr ist kostenlos.<br \/>\nDie einbezahlte Pr\u00fcfungsgeb\u00fchr wird auf das neue Pr\u00fcfungsdatum umgebucht.<br \/>\nSp\u00e4tere Abmeldungen sind kostenpflichtig, Geb\u00fchr: Fr. 100.00.<br \/>\nErfolgt eine Verschiebung aufgrund von Krankheit\/Unfall mit \u00e4rztlichem Zeugnis, wird keine Geb\u00fchr erhoben.<br \/>\nBei einer Verschiebung\/Abmeldung am Pr\u00fcfungstag verf\u00e4llt die Pr\u00fcfungsgeb\u00fchr.<br \/>\nBei Nichterscheinen verf\u00e4llt die Pr\u00fcfungsgeb\u00fchr.<\/p>\n<p><strong>Wiederholung der Pr\u00fcfung<\/strong><\/p>\n<p>Die Anmeldung f\u00fcr die Wiederholung erfolgt online \u00fcber <a href=\"http:\/\/www.sya.ch\/hochseeausweis\/anmeldung-zur-pruefung\/\">www.sya.ch<\/a>.<br \/>\nDie Anmeldung ist ohne Einhaltung einer Frist wieder m\u00f6glich.<br \/>\nDie zu wiederholenden Gruppen m\u00fcssen innerhalb eines Jahres bestanden werden, sonst verfallen die bereits abgeschlossenen Gruppen.<\/p>\n<p><strong>Definitive Abmeldung ohne Verschiebung<\/strong><\/p>\n<p>Erfolgt die definitive Abmeldung vor Montag vor der Pr\u00fcfung wird die einbezahlte Pr\u00fcfungsgeb\u00fchr  unter Abzug einer Bearbeitungsgeb\u00fchr von Fr. 100.00 zur\u00fcckerstattet.<\/p>\n<p><strong>Der Pr\u00fcfungsnachweis wird nur abgegeben, wenn die Zahlung der Pr\u00fcfungsgeb\u00fchr auf der Gesch\u00e4ftsstelle registriert wurde.<\/strong><\/p>\n<p>Mit der Pr\u00fcfungsanmeldung akzeptieren Sie die Pr\u00fcfungs- und die Anmelde- und Abmelde-Bestimmungen.<\/p>\n<p><iframe loading=\"lazy\" src=\"https:\/\/creator.zohopublic.com\/r.schneider\/sya-daten\/form-embed\/Clients\/O7QFdJQ6eEWdEaNXZntmCJspbNtshstJnskHAf9mReBNbfrM0an34ZrMD2Xj84mUERdMEWKKO3BdsuFx8sFu38qWGfgsGehyb2uG\/\" name=\"formEmbed-Test_Form\" width=\"100%\" height=\"1500px\" frameborder=\"0\" scrolling=\"auto\"><\/iframe><\/p>\n","protected":false},"excerpt":{"rendered":"<p><strong>Anmeldung zur Theoriepr\u00fcfung<\/strong><\/p>\n<p>Die Anmeldung zur Theoriepr\u00fcfung erfolgt online \u00fcber www.sya.ch.<br \/>\nInnerhalb von 2-4 Tagen erhalten die Kandidaten die e-mail Best\u00e4tigung mit Rechnung.<br \/>\nDie Anmeldung ist definitiv, wenn die Pr\u00fcfungsgeb\u00fchr &#8230;<\/p>\n","protected":false},"author":1,"featured_media":0,"parent":38,"menu_order":0,"comment_status":"closed","ping_status":"closed","template":"","meta":{"footnotes":""},"class_list":["post-46","page","type-page","status-publish","hentry"],"yoast_head":"<!-- This site is optimized with the Yoast SEO plugin v23.4 - https:\/\/yoast.com\/wordpress\/plugins\/seo\/ -->\n<title>Pr\u00fcfungsanmeldung - Swiss Yachting Association<\/title>\n<meta name=\"description\" content=\"Die Swiss Yachting Association, ist die Hochsee-Sektion des Verbandes Schweizerischer Motorboot- und Segelschulen (VSMS) und ab Dezember 2014 die zweite, vom Schweizerischen Seeschifffahrtsamt SSA anerkannte Pr\u00fcfungsstelle f\u00fcr den Hochseeausweis der Schweiz.\" \/>\n<meta name=\"robots\" content=\"index, follow, max-snippet:-1, max-image-preview:large, max-video-preview:-1\" \/>\n<link rel=\"canonical\" href=\"https:\/\/www.sya.ch\/de_DE\/hochseeausweis\/anmeldung-zur-pruefung\/\" \/>\n<meta property=\"og:locale\" content=\"de_DE\" \/>\n<meta property=\"og:type\" content=\"article\" \/>\n<meta property=\"og:title\" content=\"Pr\u00fcfungsanmeldung - Swiss Yachting Association\" \/>\n<meta property=\"og:description\" content=\"Die Swiss Yachting Association, ist die Hochsee-Sektion des Verbandes Schweizerischer Motorboot- und Segelschulen (VSMS) und ab Dezember 2014 die zweite, vom Schweizerischen Seeschifffahrtsamt SSA anerkannte Pr\u00fcfungsstelle f\u00fcr den Hochseeausweis der Schweiz.\" \/>\n<meta property=\"og:url\" content=\"https:\/\/www.sya.ch\/de_DE\/hochseeausweis\/anmeldung-zur-pruefung\/\" \/>\n<meta property=\"og:site_name\" content=\"Swiss Yachting Association\" \/>\n<meta property=\"article:modified_time\" content=\"2023-11-23T13:57:01+00:00\" \/>\n<meta name=\"twitter:label1\" content=\"Gesch\u00e4tzte Lesezeit\" \/>\n\t<meta name=\"twitter:data1\" content=\"1 Minute\" \/>\n<script type=\"application\/ld+json\" class=\"yoast-schema-graph\">{\"@context\":\"https:\/\/schema.org\",\"@graph\":[{\"@type\":\"WebPage\",\"@id\":\"https:\/\/www.sya.ch\/de_DE\/hochseeausweis\/anmeldung-zur-pruefung\/\",\"url\":\"https:\/\/www.sya.ch\/de_DE\/hochseeausweis\/anmeldung-zur-pruefung\/\",\"name\":\"Pr\u00fcfungsanmeldung - Swiss Yachting Association\",\"isPartOf\":{\"@id\":\"https:\/\/www.sya.ch\/de_DE\/#website\"},\"datePublished\":\"2014-04-25T12:45:05+00:00\",\"dateModified\":\"2023-11-23T13:57:01+00:00\",\"description\":\"Die Swiss Yachting Association, ist die Hochsee-Sektion des Verbandes Schweizerischer Motorboot- und Segelschulen (VSMS) und ab Dezember 2014 die zweite, vom Schweizerischen Seeschifffahrtsamt SSA anerkannte Pr\u00fcfungsstelle f\u00fcr den Hochseeausweis der Schweiz.\",\"breadcrumb\":{\"@id\":\"https:\/\/www.sya.ch\/de_DE\/hochseeausweis\/anmeldung-zur-pruefung\/#breadcrumb\"},\"inLanguage\":\"de-DE\",\"potentialAction\":[{\"@type\":\"ReadAction\",\"target\":[\"https:\/\/www.sya.ch\/de_DE\/hochseeausweis\/anmeldung-zur-pruefung\/\"]}]},{\"@type\":\"BreadcrumbList\",\"@id\":\"https:\/\/www.sya.ch\/de_DE\/hochseeausweis\/anmeldung-zur-pruefung\/#breadcrumb\",\"itemListElement\":[{\"@type\":\"ListItem\",\"position\":1,\"name\":\"Home\",\"item\":\"https:\/\/www.sya.ch\/\"},{\"@type\":\"ListItem\",\"position\":2,\"name\":\"Hochseeausweis\",\"item\":\"https:\/\/www.sya.ch\/de_DE\/hochseeausweis\/\"},{\"@type\":\"ListItem\",\"position\":3,\"name\":\"Pr\u00fcfungsanmeldung\"}]},{\"@type\":\"WebSite\",\"@id\":\"https:\/\/www.sya.ch\/de_DE\/#website\",\"url\":\"https:\/\/www.sya.ch\/de_DE\/\",\"name\":\"Swiss Yachting Association\",\"description\":\"Offizielle Hochseepr\u00fcfungsstelle\",\"potentialAction\":[{\"@type\":\"SearchAction\",\"target\":{\"@type\":\"EntryPoint\",\"urlTemplate\":\"https:\/\/www.sya.ch\/de_DE\/?s={search_term_string}\"},\"query-input\":{\"@type\":\"PropertyValueSpecification\",\"valueRequired\":true,\"valueName\":\"search_term_string\"}}],\"inLanguage\":\"de-DE\"}]}<\/script>\n<!-- \/ Yoast SEO plugin. -->","yoast_head_json":{"title":"Pr\u00fcfungsanmeldung - Swiss Yachting Association","description":"Die Swiss Yachting Association, ist die Hochsee-Sektion des Verbandes Schweizerischer Motorboot- und Segelschulen (VSMS) und ab Dezember 2014 die zweite, vom Schweizerischen Seeschifffahrtsamt SSA anerkannte Pr\u00fcfungsstelle f\u00fcr den Hochseeausweis der Schweiz.","robots":{"index":"index","follow":"follow","max-snippet":"max-snippet:-1","max-image-preview":"max-image-preview:large","max-video-preview":"max-video-preview:-1"},"canonical":"https:\/\/www.sya.ch\/de_DE\/hochseeausweis\/anmeldung-zur-pruefung\/","og_locale":"de_DE","og_type":"article","og_title":"Pr\u00fcfungsanmeldung - Swiss Yachting Association","og_description":"Die Swiss Yachting Association, ist die Hochsee-Sektion des Verbandes Schweizerischer Motorboot- und Segelschulen (VSMS) und ab Dezember 2014 die zweite, vom Schweizerischen Seeschifffahrtsamt SSA anerkannte Pr\u00fcfungsstelle f\u00fcr den Hochseeausweis der Schweiz.","og_url":"https:\/\/www.sya.ch\/de_DE\/hochseeausweis\/anmeldung-zur-pruefung\/","og_site_name":"Swiss Yachting Association","article_modified_time":"2023-11-23T13:57:01+00:00","twitter_misc":{"Gesch\u00e4tzte Lesezeit":"1 Minute"},"schema":{"@context":"https:\/\/schema.org","@graph":[{"@type":"WebPage","@id":"https:\/\/www.sya.ch\/de_DE\/hochseeausweis\/anmeldung-zur-pruefung\/","url":"https:\/\/www.sya.ch\/de_DE\/hochseeausweis\/anmeldung-zur-pruefung\/","name":"Pr\u00fcfungsanmeldung - Swiss Yachting Association","isPartOf":{"@id":"https:\/\/www.sya.ch\/de_DE\/#website"},"datePublished":"2014-04-25T12:45:05+00:00","dateModified":"2023-11-23T13:57:01+00:00","description":"Die Swiss Yachting Association, ist die Hochsee-Sektion des Verbandes Schweizerischer Motorboot- und Segelschulen (VSMS) und ab Dezember 2014 die zweite, vom Schweizerischen Seeschifffahrtsamt SSA anerkannte Pr\u00fcfungsstelle f\u00fcr den Hochseeausweis der Schweiz.","breadcrumb":{"@id":"https:\/\/www.sya.ch\/de_DE\/hochseeausweis\/anmeldung-zur-pruefung\/#breadcrumb"},"inLanguage":"de-DE","potentialAction":[{"@type":"ReadAction","target":["https:\/\/www.sya.ch\/de_DE\/hochseeausweis\/anmeldung-zur-pruefung\/"]}]},{"@type":"BreadcrumbList","@id":"https:\/\/www.sya.ch\/de_DE\/hochseeausweis\/anmeldung-zur-pruefung\/#breadcrumb","itemListElement":[{"@type":"ListItem","position":1,"name":"Home","item":"https:\/\/www.sya.ch\/"},{"@type":"ListItem","position":2,"name":"Hochseeausweis","item":"https:\/\/www.sya.ch\/de_DE\/hochseeausweis\/"},{"@type":"ListItem","position":3,"name":"Pr\u00fcfungsanmeldung"}]},{"@type":"WebSite","@id":"https:\/\/www.sya.ch\/de_DE\/#website","url":"https:\/\/www.sya.ch\/de_DE\/","name":"Swiss Yachting Association","description":"Offizielle Hochseepr\u00fcfungsstelle","potentialAction":[{"@type":"SearchAction","target":{"@type":"EntryPoint","urlTemplate":"https:\/\/www.sya.ch\/de_DE\/?s={search_term_string}"},"query-input":{"@type":"PropertyValueSpecification","valueRequired":true,"valueName":"search_term_string"}}],"inLanguage":"de-DE"}]}},"_links":{"self":[{"href":"https:\/\/www.sya.ch\/de_DE\/wp-json\/wp\/v2\/pages\/46"}],"collection":[{"href":"https:\/\/www.sya.ch\/de_DE\/wp-json\/wp\/v2\/pages"}],"about":[{"href":"https:\/\/www.sya.ch\/de_DE\/wp-json\/wp\/v2\/types\/page"}],"author":[{"embeddable":true,"href":"https:\/\/www.sya.ch\/de_DE\/wp-json\/wp\/v2\/users\/1"}],"replies":[{"embeddable":true,"href":"https:\/\/www.sya.ch\/de_DE\/wp-json\/wp\/v2\/comments?post=46"}],"version-history":[{"count":49,"href":"https:\/\/www.sya.ch\/de_DE\/wp-json\/wp\/v2\/pages\/46\/revisions"}],"predecessor-version":[{"id":946,"href":"https:\/\/www.sya.ch\/de_DE\/wp-json\/wp\/v2\/pages\/46\/revisions\/946"}],"up":[{"embeddable":true,"href":"https:\/\/www.sya.ch\/de_DE\/wp-json\/wp\/v2\/pages\/38"}],"wp:attachment":[{"href":"https:\/\/www.sya.ch\/de_DE\/wp-json\/wp\/v2\/media?parent=46"}],"curies":[{"name":"wp","href":"https:\/\/api.w.org\/{rel}","templated":true}]}}