{"id":390,"date":"2019-04-17T08:50:48","date_gmt":"2019-04-17T06:50:48","guid":{"rendered":"http:\/\/www.sya.ch\/?page_id=390"},"modified":"2020-03-25T10:33:40","modified_gmt":"2020-03-25T08:33:40","slug":"einzureichende-unterlagen","status":"publish","type":"page","link":"https:\/\/www.sya.ch\/de_DE\/einzureichende-unterlagen\/","title":{"rendered":"Ausstellung Hochseeausweis"},"content":{"rendered":"<p><strong>Erstmalige Ausstellung des Ausweises<\/strong><\/p>\n<ul>\n<li>Original des Pr\u00fcfungsnachweises<\/li>\n<li>Praxisnachweis auf See gem\u00e4ss Hochseeausweis Verordnung (Fahrtennachweis B\u00fcchlein mit Originalunterschrift des Skippers und ausgef\u00fcllter Leistungsnachweis).<br \/>ACHTUNG: das Fahrtennachweis B\u00fcchlein bleibt bei der Pr\u00fcfungsstelle und wird nicht an den Kandidaten zur\u00fcckgeschickt.<br \/>Ab 1.1.2017 werden die Fahrtennachweis Bl\u00e4tter nicht mehr akzeptiert.<\/li>\n<li>Kantonaler F\u00fchrerausweis Schifffahrt (Kopie)<\/li>\n<li>Ausweis Nothilfekurs (Kopie) nicht \u00e4lter als 6 Jahre, Achtung: Kursdauer min. 10 Stunden, der BLS-AED Kurs wird nicht akzeptiert<\/li>\n<li>Attest \u00fcber Sehverm\u00f6gen (Formular Dowload, Original, attestiert von Arzt oder Optiker, nicht \u00e4lter als 1 Jahr)<\/li>\n<li>Attest \u00fcber H\u00f6rverm\u00f6gen (Formular download, Original, attestiert von Arzt oder Akustiker, nicht \u00e4lter als 1 Jahr)<\/li>\n<li>Ausgef\u00fclltes Datenerfassungsformular mit Unterschrift (Formular download)<\/li>\n<li>Aktuelles Passfoto (Frontaufnahme, Passfotoqualit\u00e4t)<\/li>\n<li>Pass oder ID (Kopie, ID beidseitig)<\/li>\n<\/ul>\n<p><strong>Erg\u00e4nzung Schiffskategorie<\/strong><\/p>\n<ul>\n<li>Alter Ausweis (Original)<\/li>\n<li>Praxisnachweis auf See gem\u00e4ss Hochseeausweis Verordnung (Fahrtennachweis B\u00fcchlein mit Originalunterschrift des Skippers und ausgef\u00fcllter Leistungsnachweis).<br \/>ACHTUNG: das Fahrtennachweis B\u00fcchlein bleibt bei der Pr\u00fcfungsstelle und wird nicht an den Kandidaten zur\u00fcckgeschickt.<br \/>Ab 1.1.2017 werden die Fahrtennachweis Bl\u00e4tter nicht mehr akzeptiert.<\/li>\n<li>Kantonaler F\u00fchrerausweis Schifffahrt (Kopie)<\/li>\n<li>Ausgef\u00fclltes Datenerfassungsformular mit Unterschrift (Formular download)<\/li>\n<li>Aktuelles Passfoto (Frontaufnahme, Passfotoqualit\u00e4t)<\/li>\n<li>Pass oder ID (Kopie, ID beidseitig)<\/li>\n<\/ul>\n<p><strong>Umtausch des Hochseeausweises<\/strong><\/p>\n<ul>\n<li>Alter Ausweis (Original)<\/li>\n<li>Ausgef\u00fclltes Datenerfassungsformular mit Unterschrift (Formular download)<\/li>\n<li>Aktuelles Passfoto (Frontaufnahme, Passfotoqualit\u00e4t)<\/li>\n<li>Pass oder ID (Kopie, ID beidseitig)<\/li>\n<\/ul>\n<p><strong>Duplikat (Verlust alter Ausweis)<\/strong><\/p>\n<ul>\n<li>Ausgef\u00fclltes Datenerfassungsformular mit Unterschrift (Formular download)<\/li>\n<li>Aktuelles Passfoto (Frontaufnahme, Passfotoqualit\u00e4t)<\/li>\n<li>Pass oder ID (Kopie, ID beidseitig)<\/li>\n<li>Schriftliche Mitteilung \u00fcber Verlust<\/li>\n<\/ul>\n<p><strong>Umtausch\/ Anpassung (Namens\u00e4nderung)<\/strong><\/p>\n<ul>\n<li>Alter Ausweis (Original)<\/li>\n<li>Ausgef\u00fclltes Datenerfassungsformular mit Unterschrift (Formular download)<\/li>\n<li>Aktuelles Passfoto (Frontaufnahme, Passfotoqualit\u00e4t<\/li>\n<li>Pass oder ID (Kopie, ID beidseitig)<\/li>\n<li>Schriftliche Mitteilung \u00fcber die \u00c4nderung (Namens\u00e4nderung: Auszug aus dem Familienregister<\/li>\n<\/ul>\n<p>F\u00fcr die Dossierkontrolle und das Ausstellen des Ausweises m\u00fcssen Sie, bei vollst\u00e4ndig eingereichten Unterlagen, mit 6-8 Wochen rechnen.<\/p>\n<p>&nbsp;<\/p>\n<p><strong>Einsenden der Unterlagen<\/strong><\/p>\n<p>SYA Swiss Yachting Association Gesch\u00e4ftsstelle<br \/>St. Alban Rheinweg 94<br \/>4052 Basel<\/p>\n","protected":false},"excerpt":{"rendered":"<p><strong>Erstmalige Ausstellung des Ausweises<\/strong><\/p>\n<ul>\n<li>Original des Pr\u00fcfungsnachweises<\/li>\n<li>Praxisnachweis auf See gem\u00e4ss Hochseeausweis Verordnung (Fahrtennachweis B\u00fcchlein mit Originalunterschrift des Skippers und ausgef\u00fcllter&#8230;<br \/>\n","protected":false},"author":1,"featured_media":0,"parent":0,"menu_order":0,"comment_status":"closed","ping_status":"closed","template":"","meta":{"footnotes":""},"class_list":["post-390","page","type-page","status-publish","hentry"],"yoast_head":"<!-- This site is optimized with the Yoast SEO plugin v23.4 - https:\/\/yoast.com\/wordpress\/plugins\/seo\/ -->\n<title>Ausstellung Hochseeausweis - Swiss Yachting Association<\/title>\n<meta name=\"robots\" content=\"index, follow, max-snippet:-1, max-image-preview:large, max-video-preview:-1\" \/>\n<link rel=\"canonical\" href=\"https:\/\/www.sya.ch\/einzureichende-unterlagen\/\" \/>\n<meta property=\"og:locale\" content=\"de_DE\" \/>\n<meta property=\"og:type\" content=\"article\" \/>\n<meta property=\"og:title\" content=\"Ausstellung Hochseeausweis - Swiss Yachting Association\" \/>\n<meta property=\"og:description\" content=\"Erstmalige Ausstellung des Ausweises  Original des Pr\u00fcfungsnachweises Praxisnachweis auf See gem\u00e4ss Hochseeausweis Verordnung (Fahrtennachweis B\u00fcchlein mit Originalunterschrift des Skippers und ausgef\u00fcllter...\" \/>\n<meta property=\"og:url\" content=\"https:\/\/www.sya.ch\/einzureichende-unterlagen\/\" \/>\n<meta property=\"og:site_name\" content=\"Swiss Yachting Association\" \/>\n<meta property=\"article:modified_time\" content=\"2020-03-25T08:33:40+00:00\" \/>\n<meta name=\"twitter:label1\" content=\"Gesch\u00e4tzte Lesezeit\" \/>\n\t<meta name=\"twitter:data1\" content=\"2 Minuten\" \/>\n<script type=\"application\/ld+json\" class=\"yoast-schema-graph\">{\"@context\":\"https:\/\/schema.org\",\"@graph\":[{\"@type\":\"WebPage\",\"@id\":\"https:\/\/www.sya.ch\/einzureichende-unterlagen\/\",\"url\":\"https:\/\/www.sya.ch\/einzureichende-unterlagen\/\",\"name\":\"Ausstellung Hochseeausweis - Swiss Yachting Association\",\"isPartOf\":{\"@id\":\"https:\/\/www.sya.ch\/de_DE\/#website\"},\"datePublished\":\"2019-04-17T06:50:48+00:00\",\"dateModified\":\"2020-03-25T08:33:40+00:00\",\"breadcrumb\":{\"@id\":\"https:\/\/www.sya.ch\/einzureichende-unterlagen\/#breadcrumb\"},\"inLanguage\":\"de-DE\",\"potentialAction\":[{\"@type\":\"ReadAction\",\"target\":[\"https:\/\/www.sya.ch\/einzureichende-unterlagen\/\"]}]},{\"@type\":\"BreadcrumbList\",\"@id\":\"https:\/\/www.sya.ch\/einzureichende-unterlagen\/#breadcrumb\",\"itemListElement\":[{\"@type\":\"ListItem\",\"position\":1,\"name\":\"Home\",\"item\":\"https:\/\/www.sya.ch\/\"},{\"@type\":\"ListItem\",\"position\":2,\"name\":\"Ausstellung Hochseeausweis\"}]},{\"@type\":\"WebSite\",\"@id\":\"https:\/\/www.sya.ch\/de_DE\/#website\",\"url\":\"https:\/\/www.sya.ch\/de_DE\/\",\"name\":\"Swiss Yachting Association\",\"description\":\"Offizielle Hochseepr\u00fcfungsstelle\",\"potentialAction\":[{\"@type\":\"SearchAction\",\"target\":{\"@type\":\"EntryPoint\",\"urlTemplate\":\"https:\/\/www.sya.ch\/de_DE\/?s={search_term_string}\"},\"query-input\":{\"@type\":\"PropertyValueSpecification\",\"valueRequired\":true,\"valueName\":\"search_term_string\"}}],\"inLanguage\":\"de-DE\"}]}<\/script>\n<!-- \/ Yoast SEO plugin. -->","yoast_head_json":{"title":"Ausstellung Hochseeausweis - Swiss Yachting Association","robots":{"index":"index","follow":"follow","max-snippet":"max-snippet:-1","max-image-preview":"max-image-preview:large","max-video-preview":"max-video-preview:-1"},"canonical":"https:\/\/www.sya.ch\/einzureichende-unterlagen\/","og_locale":"de_DE","og_type":"article","og_title":"Ausstellung Hochseeausweis - Swiss Yachting Association","og_description":"Erstmalige Ausstellung des Ausweises  Original des Pr\u00fcfungsnachweises Praxisnachweis auf See gem\u00e4ss Hochseeausweis Verordnung (Fahrtennachweis B\u00fcchlein mit Originalunterschrift des Skippers und ausgef\u00fcllter...","og_url":"https:\/\/www.sya.ch\/einzureichende-unterlagen\/","og_site_name":"Swiss Yachting Association","article_modified_time":"2020-03-25T08:33:40+00:00","twitter_misc":{"Gesch\u00e4tzte Lesezeit":"2 Minuten"},"schema":{"@context":"https:\/\/schema.org","@graph":[{"@type":"WebPage","@id":"https:\/\/www.sya.ch\/einzureichende-unterlagen\/","url":"https:\/\/www.sya.ch\/einzureichende-unterlagen\/","name":"Ausstellung Hochseeausweis - Swiss Yachting Association","isPartOf":{"@id":"https:\/\/www.sya.ch\/de_DE\/#website"},"datePublished":"2019-04-17T06:50:48+00:00","dateModified":"2020-03-25T08:33:40+00:00","breadcrumb":{"@id":"https:\/\/www.sya.ch\/einzureichende-unterlagen\/#breadcrumb"},"inLanguage":"de-DE","potentialAction":[{"@type":"ReadAction","target":["https:\/\/www.sya.ch\/einzureichende-unterlagen\/"]}]},{"@type":"BreadcrumbList","@id":"https:\/\/www.sya.ch\/einzureichende-unterlagen\/#breadcrumb","itemListElement":[{"@type":"ListItem","position":1,"name":"Home","item":"https:\/\/www.sya.ch\/"},{"@type":"ListItem","position":2,"name":"Ausstellung Hochseeausweis"}]},{"@type":"WebSite","@id":"https:\/\/www.sya.ch\/de_DE\/#website","url":"https:\/\/www.sya.ch\/de_DE\/","name":"Swiss Yachting Association","description":"Offizielle Hochseepr\u00fcfungsstelle","potentialAction":[{"@type":"SearchAction","target":{"@type":"EntryPoint","urlTemplate":"https:\/\/www.sya.ch\/de_DE\/?s={search_term_string}"},"query-input":{"@type":"PropertyValueSpecification","valueRequired":true,"valueName":"search_term_string"}}],"inLanguage":"de-DE"}]}},"_links":{"self":[{"href":"https:\/\/www.sya.ch\/de_DE\/wp-json\/wp\/v2\/pages\/390"}],"collection":[{"href":"https:\/\/www.sya.ch\/de_DE\/wp-json\/wp\/v2\/pages"}],"about":[{"href":"https:\/\/www.sya.ch\/de_DE\/wp-json\/wp\/v2\/types\/page"}],"author":[{"embeddable":true,"href":"https:\/\/www.sya.ch\/de_DE\/wp-json\/wp\/v2\/users\/1"}],"replies":[{"embeddable":true,"href":"https:\/\/www.sya.ch\/de_DE\/wp-json\/wp\/v2\/comments?post=390"}],"version-history":[{"count":9,"href":"https:\/\/www.sya.ch\/de_DE\/wp-json\/wp\/v2\/pages\/390\/revisions"}],"predecessor-version":[{"id":515,"href":"https:\/\/www.sya.ch\/de_DE\/wp-json\/wp\/v2\/pages\/390\/revisions\/515"}],"wp:attachment":[{"href":"https:\/\/www.sya.ch\/de_DE\/wp-json\/wp\/v2\/media?parent=390"}],"curies":[{"name":"wp","href":"https:\/\/api.w.org\/{rel}","templated":true}]}}